{"id":2738,"date":"2015-09-28T07:33:32","date_gmt":"2015-09-28T07:33:32","guid":{"rendered":"http:\/\/www.agriturismomedicina.it\/?page_id=2738"},"modified":"2015-09-28T07:33:32","modified_gmt":"2015-09-28T07:33:32","slug":"pescia-apartments-prices","status":"publish","type":"page","link":"https:\/\/www.agriturismomedicina.it\/de\/pescia-apartments-prices\/","title":{"rendered":"Pescia Ferienwohnungen Preise"},"content":{"rendered":"<h2>Pescia Ferienwohnungen Preise<\/h2>\n<table id=\"tabpre\">\n<tbody>\n<tr>\n<td><strong>Periode<\/strong><\/td>\n<td><strong>Alle Urlaub am Bauernhof<\/strong><\/td>\n<td><strong>Fer. Celeste<\/strong><\/td>\n<td><strong>Fer. Rosa<\/strong><\/td>\n<td><strong>Fer. Verde<\/strong><\/td>\n<\/tr>\n<tr>\n<td>\n<p style=\"text-align: left;\">02\/04\/2016 &#8211; 13\/05\/2016<\/p>\n<\/td>\n<td>\n<p style=\"text-align: center;\">\u20ac 1300<\/p>\n<\/td>\n<td>\n<p style=\"text-align: center;\">\u20ac 350<\/p>\n<\/td>\n<td>\n<p style=\"text-align: center;\">\u20ac 350<\/p>\n<\/td>\n<td>\n<p style=\"text-align: center;\">\u20ac 950<\/p>\n<\/td>\n<\/tr>\n<tr>\n<td>\n<p style=\"text-align: left;\">14\/05\/2016 &#8211; 24\/06\/2016<\/p>\n<\/td>\n<td>\n<p style=\"text-align: center;\">\u20ac 1500<\/p>\n<\/td>\n<td>\n<p style=\"text-align: center;\">\u20ac 420<\/p>\n<\/td>\n<td>\n<p style=\"text-align: center;\">\u20ac 420<\/p>\n<\/td>\n<td>\n<p style=\"text-align: center;\">\u20ac 1100<\/p>\n<\/td>\n<\/tr>\n<tr>\n<td>\n<p style=\"text-align: left;\">25\/06\/2016 &#8211; 26\/08\/2016<\/p>\n<\/td>\n<td>\n<p style=\"text-align: center;\">\u20ac 1750<\/p>\n<\/td>\n<td>\n<p style=\"text-align: center;\">\u20ac 480<\/p>\n<\/td>\n<td>\n<p style=\"text-align: center;\">\u20ac 480<\/p>\n<\/td>\n<td>\n<p style=\"text-align: center;\">\u20ac 1300<\/p>\n<\/td>\n<\/tr>\n<tr>\n<td>\n<p style=\"text-align: left;\">27\/08\/2016 &#8211; 23\/09\/2016<\/p>\n<\/td>\n<td>\n<p style=\"text-align: center;\">\u20ac 1500<\/p>\n<\/td>\n<td>\n<p style=\"text-align: center;\">\u20ac 420<\/p>\n<\/td>\n<td>\n<p style=\"text-align: center;\">\u20ac 420<\/p>\n<\/td>\n<td>\n<p style=\"text-align: center;\">\u20ac 1100<\/p>\n<\/td>\n<\/tr>\n<tr>\n<td>\n<p style=\"text-align: left;\">24\/09\/2016 &#8211; 15\/10\/2016<\/p>\n<\/td>\n<td>\n<p style=\"text-align: center;\">\u20ac 1300<\/p>\n<\/td>\n<td>\n<p style=\"text-align: center;\">\u20ac 350<\/p>\n<\/td>\n<td>\n<p style=\"text-align: center;\">\u20ac 350<\/p>\n<\/td>\n<td>\n<p style=\"text-align: center;\">\u20ac 950<\/p>\n<\/td>\n<\/tr>\n<\/tbody>\n<\/table>\n<p>Apartments Rosa und Verde k\u00f6nnen weitere Kind aufnehmen.<\/p>\n<p>Das Kind hat eine t\u00e4gliche Geb\u00fchr von:<br \/>\n&#8211; \u20ac 8.00 von 25\/06\/2016 bis 26\/08\/2016<br \/>\n&#8211; \u20ac 7.00 von 14\/05\/2016 bis 24\/06\/2016 und von 27\/08\/2016 bis 23\/09\/2016<br \/>\n&#8211; \u20ac 6.00 von 02\/04\/2016 bis 13\/05\/2016 und von 24\/09\/2016 bis 15\/10\/2016<\/p>\n<p>&nbsp;<\/p>\n<div class=\"divider type_1\"><\/div>\n<p style=\"text-align: justify;\">Zu den verschiedenen Wohnungen geh\u00f6rt ein Raum, der als Waschraum mit den zugeh\u00f6rigen Haushaltger\u00e4ten ausgestattet ist.<\/p>\n<p>&nbsp;<\/p>\n<div class=\"accommodation-wrapper vh_animate_when_almost_visible span9 body-bg\">\n\n\t\t\t<div class=\"modern_accommodations cs-style-3\">\n\t<div class=\"modern_accommodation  span4_5\" >\n\t<figure class=\"no_left_margin  span4_5\">\n\t\t\t\t<div class=\"room_price\">\u20ac350 <span>pro woche<\/span>*<\/div>\n\t\t\t\t\t\t\t<img src=\"https:\/\/www.agriturismomedicina.it\/wp-content\/uploads\/2013\/06\/GAL_0168-copia-420x284.jpg\" class=\"image-with-border open_entry_image no_left_margin  span4_5\">\n\t\t\t\t<figcaption>\n\t\t\t<h2 class=\"entry-title\"><a href=\"https:\/\/www.agriturismomedicina.it\/de\/?post_type=vh_accommodation&p=2683\">Wohnungen Rosa<\/a><\/h2>\n\t\t\t<span><ul class=\"acc-icons clearfix\">\r\n\t<li><i class=\"acc-icon-hot_tube\"><\/i><span class=\"body-bg\">Hot tube<\/span><\/li>\r\n\t<li><i class=\"acc-icon-beacb\"><\/i><span class=\"body-bg\">Beach<\/span><\/li>\r\n\t<li><i class=\"acc-icon-pacifier\"><\/i><span class=\"body-bg\">Kids<\/span><\/li>\r\n\t<li><i class=\"acc-icon-restaurant\"><\/i><span class=\"body-bg\">Dinner included<\/span><\/li>\r\n\t<li><i class=\"acc-icon-safe\"><\/i><span class=\"body-bg\">Safe deposit<\/span><\/li>\r\n\t<li><i class=\"acc-icon-gym\"><\/i><span class=\"body-bg\">Gym<\/span><\/li>\r\n\t<li><i class=\"acc-icon-phone\"><\/i><span class=\"body-bg\">Direct-dial phone<\/span><\/li>\r\n\t<li><i class=\"acc-icon-hair_dryer\"><\/i><span class=\"body-bg\">Hairdryer<\/span><\/li>\r\n\t<li><i class=\"acc-icon-cat\"><\/i><span class=\"body-bg\">Pets allowed<\/span><\/li>\r\n\t<li><i class=\"acc-icon-giftshop\"><\/i><span class=\"body-bg\">Giftshop<\/span><\/li>\r\n\t<li><i class=\"acc-icon-doctor\"><\/i><span class=\"body-bg\">Doctor<\/span><\/li>\r\n\t<li><i class=\"acc-icon-wifi\"><\/i><span class=\"body-bg\">WiFi<\/span><\/li>\r\n<\/ul>\r\n<section class=\"hidden-tablet\">Im Erdgeschoss mit ger\u00e4umigem Esszimmer+K\u00fcche und Privatbadezimmer, Schlafzimmer mit Ehebett, ist es m\u00f6glich, ein drittes Bett aufzustellen.\r\n\r\n*Nebensaison<\/section><\/span>\n\t\t\t\t\t\t<a href=\"https:\/\/www.agriturismomedicina.it\/de\/?post_type=vh_accommodation&p=2683\" class=\"btn hidden-tablet\">Mehr<\/a>\n\t\t<\/figcaption>\n\t<\/figure>\n<\/div>\n\t<div class=\"modern_accommodation  span4_5\" >\n\t<figure class=\"no_left_margin  span4_5\">\n\t\t\t\t<div class=\"room_price\">\u20ac350 <span>pro woche<\/span>*<\/div>\n\t\t\t\t\t\t\t<img src=\"https:\/\/www.agriturismomedicina.it\/wp-content\/uploads\/2013\/06\/celeste4-420x284.jpg\" class=\"image-with-border open_entry_image no_left_margin  span4_5\">\n\t\t\t\t<figcaption>\n\t\t\t<h2 class=\"entry-title\"><a href=\"https:\/\/www.agriturismomedicina.it\/de\/?post_type=vh_accommodation&p=2681\">Wohnungen Celeste<\/a><\/h2>\n\t\t\t<span><ul class=\"acc-icons clearfix\">\r\n\t<li><i class=\"acc-icon-beacb\"><\/i><span class=\"body-bg\">Beach<\/span><\/li>\r\n\t<li><i class=\"acc-icon-pacifier\"><\/i><span class=\"body-bg\">Kids<\/span><\/li>\r\n\t<li><i class=\"acc-icon-restaurant\"><\/i><span class=\"body-bg\">Dinner included<\/span><\/li>\r\n\t<li><i class=\"acc-icon-safe\"><\/i><span class=\"body-bg\">Safe deposit<\/span><\/li>\r\n\t<li><i class=\"acc-icon-gym\"><\/i><span class=\"body-bg\">Gym<\/span><\/li>\r\n\t<li><i class=\"acc-icon-phone\"><\/i><span class=\"body-bg\">Direct-dial phone<\/span><\/li>\r\n\t<li><i class=\"acc-icon-hair_dryer\"><\/i><span class=\"body-bg\">Hairdryer<\/span><\/li>\r\n\t<li><i class=\"acc-icon-cat\"><\/i><span class=\"body-bg\">Pets allowed<\/span><\/li>\r\n\t<li><i class=\"acc-icon-doctor\"><\/i><span class=\"body-bg\">Doctor<\/span><\/li>\r\n\t<li><i class=\"acc-icon-wifi\"><\/i><span class=\"body-bg\">WiFi<\/span><\/li>\r\n<\/ul>\r\n<section class=\"hidden-tablet\">Erdgescho\u00df mit ger\u00e4umigem Esszimmer+K\u00fcche und auch zwei internen Privatbadezimmern. The cooking area has a fireplace and a folding bed.\r\n\r\n*Nebensaison<\/section><\/span>\n\t\t\t\t\t\t<a href=\"https:\/\/www.agriturismomedicina.it\/de\/?post_type=vh_accommodation&p=2681\" class=\"btn hidden-tablet\">Mehr<\/a>\n\t\t<\/figcaption>\n\t<\/figure>\n<\/div>\n\t<div class=\"modern_accommodation  span4_5\" >\n\t<figure class=\"no_left_margin  span4_5\">\n\t\t\t\t<div class=\"room_price\">\u20ac950 <span>pro Woche<\/span>*<\/div>\n\t\t\t\t\t\t\t<img src=\"https:\/\/www.agriturismomedicina.it\/wp-content\/uploads\/2013\/06\/GAL_0134-420x284.jpg\" class=\"image-with-border open_entry_image no_left_margin  span4_5\">\n\t\t\t\t<figcaption>\n\t\t\t<h2 class=\"entry-title\"><a href=\"https:\/\/www.agriturismomedicina.it\/de\/?post_type=vh_accommodation&p=2679\">Wohnungen Verde<\/a><\/h2>\n\t\t\t<span><ul class=\"acc-icons clearfix\">\r\n\t<li><i class=\"acc-icon-pacifier\"><\/i><span class=\"body-bg\">Kids<\/span><\/li>\r\n\t<li><i class=\"acc-icon-restaurant\"><\/i><span class=\"body-bg\">Dinner included<\/span><\/li>\r\n\t<li><i class=\"acc-icon-safe\"><\/i><span class=\"body-bg\">Safe deposit<\/span><\/li>\r\n\t<li><i class=\"acc-icon-gym\"><\/i><span class=\"body-bg\">Gym<\/span><\/li>\r\n\t<li><i class=\"acc-icon-hair_dryer\"><\/i><span class=\"body-bg\">Hairdryer<\/span><\/li>\r\n\t<li><i class=\"acc-icon-cat\"><\/i><span class=\"body-bg\">Pets allowed<\/span><\/li>\r\n\t<li><i class=\"acc-icon-wifi\"><\/i><span class=\"body-bg\">WiFi<\/span><\/li>\r\n<\/ul>\r\n<section class=\"hidden-tablet\">Im ersten Stock, in den man \u00fcber eine externe Treppe gelangt, mit kleinem Privatbalkon. Ger\u00e4umiges Wohnzimmer, K\u00fcche, Abstellraum, Bad und Schlafzimmer mit Ehebett.\r\n\r\n*Nebensaison<\/section><\/span>\n\t\t\t\t\t\t<a href=\"https:\/\/www.agriturismomedicina.it\/de\/?post_type=vh_accommodation&p=2679\" class=\"btn hidden-tablet\">Mehr<\/a>\n\t\t<\/figcaption>\n\t<\/figure>\n<\/div>\n\t\t\t\t<\/div><!-- end of modern_accommodations -->\n\t\t<div class=\"clearfix\"><\/div>\n<\/div><div class=\"clearfix\"><\/div>\n","protected":false},"excerpt":{"rendered":"<p>Periode Alle Urlaub am Bauernhof Fer. Celeste Fer. Rosa Fer. Verde 02\/04\/2016 &#8211; 13\/05\/2016 \u20ac 1300 \u20ac 350 \u20ac 350 \u20ac 950 14\/05\/2016 &#8211; 24\/06\/2016 \u20ac 1500 \u20ac 420 \u20ac 420 \u20ac 1100 25\/06\/2016 &#8211; 26\/08\/2016 \u20ac 1750 \u20ac &hellip; <\/p>\n<p><a href=\"https:\/\/www.agriturismomedicina.it\/de\/?post_type=vh_accommodation&#038;p=2679\" class=\"read_more_link\">Mehr<\/a><\/p>\n","protected":false},"author":1,"featured_media":0,"parent":0,"menu_order":0,"comment_status":"closed","ping_status":"closed","template":"template-with-slitslider.php","meta":{"_expiration-date-status":"","_expiration-date":0,"_expiration-date-type":"","_expiration-date-categories":[],"_expiration-date-options":[]},"yoast_head":"<!-- This site is optimized with the Yoast SEO plugin v19.7.1 - https:\/\/yoast.com\/wordpress\/plugins\/seo\/ -->\n<title>Pescia Ferienwohnungen Preise - Agriturismo di Medicina<\/title>\n<meta name=\"robots\" content=\"index, follow, max-snippet:-1, max-image-preview:large, max-video-preview:-1\" \/>\n<link rel=\"canonical\" href=\"https:\/\/www.agriturismomedicina.it\/de\/pescia-apartments-prices\/\" \/>\n<meta property=\"og:locale\" content=\"de_DE\" \/>\n<meta property=\"og:type\" content=\"article\" \/>\n<meta property=\"og:title\" content=\"Pescia Ferienwohnungen Preise - Agriturismo di Medicina\" \/>\n<meta property=\"og:description\" content=\"Periode Alle Urlaub am Bauernhof Fer. Celeste Fer. Rosa Fer. Verde 02\/04\/2016 &#8211; 13\/05\/2016 \u20ac 1300 \u20ac 350 \u20ac 350 \u20ac 950 14\/05\/2016 &#8211; 24\/06\/2016 \u20ac 1500 \u20ac 420 \u20ac 420 \u20ac 1100 25\/06\/2016 &#8211; 26\/08\/2016 \u20ac 1750 \u20ac &hellip; Mehr\" \/>\n<meta property=\"og:url\" content=\"https:\/\/www.agriturismomedicina.it\/de\/pescia-apartments-prices\/\" \/>\n<meta property=\"og:site_name\" content=\"Agriturismo di Medicina\" \/>\n<meta name=\"twitter:card\" content=\"summary\" \/>\n<script type=\"application\/ld+json\" class=\"yoast-schema-graph\">{\"@context\":\"https:\/\/schema.org\",\"@graph\":[{\"@type\":\"WebPage\",\"@id\":\"https:\/\/www.agriturismomedicina.it\/de\/pescia-apartments-prices\/\",\"url\":\"https:\/\/www.agriturismomedicina.it\/de\/pescia-apartments-prices\/\",\"name\":\"Pescia Ferienwohnungen Preise - Agriturismo di Medicina\",\"isPartOf\":{\"@id\":\"https:\/\/www.agriturismomedicina.it\/#website\"},\"datePublished\":\"2015-09-28T07:33:32+00:00\",\"dateModified\":\"2015-09-28T07:33:32+00:00\",\"breadcrumb\":{\"@id\":\"https:\/\/www.agriturismomedicina.it\/de\/pescia-apartments-prices\/#breadcrumb\"},\"inLanguage\":\"de\",\"potentialAction\":[{\"@type\":\"ReadAction\",\"target\":[\"https:\/\/www.agriturismomedicina.it\/de\/pescia-apartments-prices\/\"]}]},{\"@type\":\"BreadcrumbList\",\"@id\":\"https:\/\/www.agriturismomedicina.it\/de\/pescia-apartments-prices\/#breadcrumb\",\"itemListElement\":[{\"@type\":\"ListItem\",\"position\":1,\"name\":\"Home\",\"item\":\"https:\/\/www.agriturismomedicina.it\/de\/\"},{\"@type\":\"ListItem\",\"position\":2,\"name\":\"Pescia Ferienwohnungen Preise\"}]},{\"@type\":\"WebSite\",\"@id\":\"https:\/\/www.agriturismomedicina.it\/#website\",\"url\":\"https:\/\/www.agriturismomedicina.it\/\",\"name\":\"Agriturismo di Medicina\",\"description\":\"Agriturismo a Pescia\",\"potentialAction\":[{\"@type\":\"SearchAction\",\"target\":{\"@type\":\"EntryPoint\",\"urlTemplate\":\"https:\/\/www.agriturismomedicina.it\/?s={search_term_string}\"},\"query-input\":\"required name=search_term_string\"}],\"inLanguage\":\"de\"}]}<\/script>\n<!-- \/ Yoast SEO plugin. -->","yoast_head_json":{"title":"Pescia Ferienwohnungen Preise - Agriturismo di Medicina","robots":{"index":"index","follow":"follow","max-snippet":"max-snippet:-1","max-image-preview":"max-image-preview:large","max-video-preview":"max-video-preview:-1"},"canonical":"https:\/\/www.agriturismomedicina.it\/de\/pescia-apartments-prices\/","og_locale":"de_DE","og_type":"article","og_title":"Pescia Ferienwohnungen Preise - Agriturismo di Medicina","og_description":"Periode Alle Urlaub am Bauernhof Fer. Celeste Fer. Rosa Fer. Verde 02\/04\/2016 &#8211; 13\/05\/2016 \u20ac 1300 \u20ac 350 \u20ac 350 \u20ac 950 14\/05\/2016 &#8211; 24\/06\/2016 \u20ac 1500 \u20ac 420 \u20ac 420 \u20ac 1100 25\/06\/2016 &#8211; 26\/08\/2016 \u20ac 1750 \u20ac &hellip; Mehr","og_url":"https:\/\/www.agriturismomedicina.it\/de\/pescia-apartments-prices\/","og_site_name":"Agriturismo di Medicina","twitter_card":"summary","schema":{"@context":"https:\/\/schema.org","@graph":[{"@type":"WebPage","@id":"https:\/\/www.agriturismomedicina.it\/de\/pescia-apartments-prices\/","url":"https:\/\/www.agriturismomedicina.it\/de\/pescia-apartments-prices\/","name":"Pescia Ferienwohnungen Preise - Agriturismo di Medicina","isPartOf":{"@id":"https:\/\/www.agriturismomedicina.it\/#website"},"datePublished":"2015-09-28T07:33:32+00:00","dateModified":"2015-09-28T07:33:32+00:00","breadcrumb":{"@id":"https:\/\/www.agriturismomedicina.it\/de\/pescia-apartments-prices\/#breadcrumb"},"inLanguage":"de","potentialAction":[{"@type":"ReadAction","target":["https:\/\/www.agriturismomedicina.it\/de\/pescia-apartments-prices\/"]}]},{"@type":"BreadcrumbList","@id":"https:\/\/www.agriturismomedicina.it\/de\/pescia-apartments-prices\/#breadcrumb","itemListElement":[{"@type":"ListItem","position":1,"name":"Home","item":"https:\/\/www.agriturismomedicina.it\/de\/"},{"@type":"ListItem","position":2,"name":"Pescia Ferienwohnungen Preise"}]},{"@type":"WebSite","@id":"https:\/\/www.agriturismomedicina.it\/#website","url":"https:\/\/www.agriturismomedicina.it\/","name":"Agriturismo di Medicina","description":"Agriturismo a Pescia","potentialAction":[{"@type":"SearchAction","target":{"@type":"EntryPoint","urlTemplate":"https:\/\/www.agriturismomedicina.it\/?s={search_term_string}"},"query-input":"required name=search_term_string"}],"inLanguage":"de"}]}},"_links":{"self":[{"href":"https:\/\/www.agriturismomedicina.it\/de\/wp-json\/wp\/v2\/pages\/2738"}],"collection":[{"href":"https:\/\/www.agriturismomedicina.it\/de\/wp-json\/wp\/v2\/pages"}],"about":[{"href":"https:\/\/www.agriturismomedicina.it\/de\/wp-json\/wp\/v2\/types\/page"}],"author":[{"embeddable":true,"href":"https:\/\/www.agriturismomedicina.it\/de\/wp-json\/wp\/v2\/users\/1"}],"replies":[{"embeddable":true,"href":"https:\/\/www.agriturismomedicina.it\/de\/wp-json\/wp\/v2\/comments?post=2738"}],"version-history":[{"count":0,"href":"https:\/\/www.agriturismomedicina.it\/de\/wp-json\/wp\/v2\/pages\/2738\/revisions"}],"wp:attachment":[{"href":"https:\/\/www.agriturismomedicina.it\/de\/wp-json\/wp\/v2\/media?parent=2738"}],"curies":[{"name":"wp","href":"https:\/\/api.w.org\/{rel}","templated":true}]}}