{"id":2631,"date":"2015-06-14T23:35:13","date_gmt":"2015-06-14T23:35:13","guid":{"rendered":"http:\/\/www.agriturismomedicina.it\/?page_id=2631"},"modified":"2015-07-08T06:34:46","modified_gmt":"2015-07-08T06:34:46","slug":"willkommen-zu-bauernhof-medicina","status":"publish","type":"page","link":"https:\/\/www.agriturismomedicina.it\/de\/","title":{"rendered":"Willkommen zu bauernhof Medicina!"},"content":{"rendered":"<p><div class=\"accommodation-wrapper vh_animate_when_almost_visible span9 body-bg\">\n\n\t\t\t<div class=\"modern_accommodations cs-style-3\">\n\t<div class=\"modern_accommodation  span4_5\" >\n\t<figure class=\"no_left_margin  span4_5\">\n\t\t\t\t<div class=\"room_price\">\u20ac350 <span>pro woche<\/span>*<\/div>\n\t\t\t\t\t\t\t<img src=\"https:\/\/www.agriturismomedicina.it\/wp-content\/uploads\/2013\/06\/GAL_0168-copia-420x284.jpg\" class=\"image-with-border open_entry_image no_left_margin  span4_5\">\n\t\t\t\t<figcaption>\n\t\t\t<h2 class=\"entry-title\"><a href=\"https:\/\/www.agriturismomedicina.it\/de\/?post_type=vh_accommodation&p=2683\">Wohnungen Rosa<\/a><\/h2>\n\t\t\t<span><ul class=\"acc-icons clearfix\">\r\n\t<li><i class=\"acc-icon-hot_tube\"><\/i><span class=\"body-bg\">Hot tube<\/span><\/li>\r\n\t<li><i class=\"acc-icon-beacb\"><\/i><span class=\"body-bg\">Beach<\/span><\/li>\r\n\t<li><i class=\"acc-icon-pacifier\"><\/i><span class=\"body-bg\">Kids<\/span><\/li>\r\n\t<li><i class=\"acc-icon-restaurant\"><\/i><span class=\"body-bg\">Dinner included<\/span><\/li>\r\n\t<li><i class=\"acc-icon-safe\"><\/i><span class=\"body-bg\">Safe deposit<\/span><\/li>\r\n\t<li><i class=\"acc-icon-gym\"><\/i><span class=\"body-bg\">Gym<\/span><\/li>\r\n\t<li><i class=\"acc-icon-phone\"><\/i><span class=\"body-bg\">Direct-dial phone<\/span><\/li>\r\n\t<li><i class=\"acc-icon-hair_dryer\"><\/i><span class=\"body-bg\">Hairdryer<\/span><\/li>\r\n\t<li><i class=\"acc-icon-cat\"><\/i><span class=\"body-bg\">Pets allowed<\/span><\/li>\r\n\t<li><i class=\"acc-icon-giftshop\"><\/i><span class=\"body-bg\">Giftshop<\/span><\/li>\r\n\t<li><i class=\"acc-icon-doctor\"><\/i><span class=\"body-bg\">Doctor<\/span><\/li>\r\n\t<li><i class=\"acc-icon-wifi\"><\/i><span class=\"body-bg\">WiFi<\/span><\/li>\r\n<\/ul>\r\n<section class=\"hidden-tablet\">Im Erdgeschoss mit ger\u00e4umigem Esszimmer+K\u00fcche und Privatbadezimmer, Schlafzimmer mit Ehebett, ist es m\u00f6glich, ein drittes Bett aufzustellen.\r\n\r\n*Nebensaison<\/section><\/span>\n\t\t\t\t\t\t<a href=\"https:\/\/www.agriturismomedicina.it\/de\/?post_type=vh_accommodation&p=2683\" class=\"btn hidden-tablet\">Mehr<\/a>\n\t\t<\/figcaption>\n\t<\/figure>\n<\/div>\n\t<div class=\"modern_accommodation  span4_5\" >\n\t<figure class=\"no_left_margin  span4_5\">\n\t\t\t\t<div class=\"room_price\">\u20ac350 <span>pro woche<\/span>*<\/div>\n\t\t\t\t\t\t\t<img src=\"https:\/\/www.agriturismomedicina.it\/wp-content\/uploads\/2013\/06\/celeste4-420x284.jpg\" class=\"image-with-border open_entry_image no_left_margin  span4_5\">\n\t\t\t\t<figcaption>\n\t\t\t<h2 class=\"entry-title\"><a href=\"https:\/\/www.agriturismomedicina.it\/de\/?post_type=vh_accommodation&p=2681\">Wohnungen Celeste<\/a><\/h2>\n\t\t\t<span><ul class=\"acc-icons clearfix\">\r\n\t<li><i class=\"acc-icon-beacb\"><\/i><span class=\"body-bg\">Beach<\/span><\/li>\r\n\t<li><i class=\"acc-icon-pacifier\"><\/i><span class=\"body-bg\">Kids<\/span><\/li>\r\n\t<li><i class=\"acc-icon-restaurant\"><\/i><span class=\"body-bg\">Dinner included<\/span><\/li>\r\n\t<li><i class=\"acc-icon-safe\"><\/i><span class=\"body-bg\">Safe deposit<\/span><\/li>\r\n\t<li><i class=\"acc-icon-gym\"><\/i><span class=\"body-bg\">Gym<\/span><\/li>\r\n\t<li><i class=\"acc-icon-phone\"><\/i><span class=\"body-bg\">Direct-dial phone<\/span><\/li>\r\n\t<li><i class=\"acc-icon-hair_dryer\"><\/i><span class=\"body-bg\">Hairdryer<\/span><\/li>\r\n\t<li><i class=\"acc-icon-cat\"><\/i><span class=\"body-bg\">Pets allowed<\/span><\/li>\r\n\t<li><i class=\"acc-icon-doctor\"><\/i><span class=\"body-bg\">Doctor<\/span><\/li>\r\n\t<li><i class=\"acc-icon-wifi\"><\/i><span class=\"body-bg\">WiFi<\/span><\/li>\r\n<\/ul>\r\n<section class=\"hidden-tablet\">Erdgescho\u00df mit ger\u00e4umigem Esszimmer+K\u00fcche und auch zwei internen Privatbadezimmern. The cooking area has a fireplace and a folding bed.\r\n\r\n*Nebensaison<\/section><\/span>\n\t\t\t\t\t\t<a href=\"https:\/\/www.agriturismomedicina.it\/de\/?post_type=vh_accommodation&p=2681\" class=\"btn hidden-tablet\">Mehr<\/a>\n\t\t<\/figcaption>\n\t<\/figure>\n<\/div>\n\t<div class=\"modern_accommodation  span4_5\" >\n\t<figure class=\"no_left_margin  span4_5\">\n\t\t\t\t<div class=\"room_price\">\u20ac950 <span>pro Woche<\/span>*<\/div>\n\t\t\t\t\t\t\t<img src=\"https:\/\/www.agriturismomedicina.it\/wp-content\/uploads\/2013\/06\/GAL_0134-420x284.jpg\" class=\"image-with-border open_entry_image no_left_margin  span4_5\">\n\t\t\t\t<figcaption>\n\t\t\t<h2 class=\"entry-title\"><a href=\"https:\/\/www.agriturismomedicina.it\/de\/?post_type=vh_accommodation&p=2679\">Wohnungen Verde<\/a><\/h2>\n\t\t\t<span><ul class=\"acc-icons clearfix\">\r\n\t<li><i class=\"acc-icon-pacifier\"><\/i><span class=\"body-bg\">Kids<\/span><\/li>\r\n\t<li><i class=\"acc-icon-restaurant\"><\/i><span class=\"body-bg\">Dinner included<\/span><\/li>\r\n\t<li><i class=\"acc-icon-safe\"><\/i><span class=\"body-bg\">Safe deposit<\/span><\/li>\r\n\t<li><i class=\"acc-icon-gym\"><\/i><span class=\"body-bg\">Gym<\/span><\/li>\r\n\t<li><i class=\"acc-icon-hair_dryer\"><\/i><span class=\"body-bg\">Hairdryer<\/span><\/li>\r\n\t<li><i class=\"acc-icon-cat\"><\/i><span class=\"body-bg\">Pets allowed<\/span><\/li>\r\n\t<li><i class=\"acc-icon-wifi\"><\/i><span class=\"body-bg\">WiFi<\/span><\/li>\r\n<\/ul>\r\n<section class=\"hidden-tablet\">Im ersten Stock, in den man \u00fcber eine externe Treppe gelangt, mit kleinem Privatbalkon. Ger\u00e4umiges Wohnzimmer, K\u00fcche, Abstellraum, Bad und Schlafzimmer mit Ehebett.\r\n\r\n*Nebensaison<\/section><\/span>\n\t\t\t\t\t\t<a href=\"https:\/\/www.agriturismomedicina.it\/de\/?post_type=vh_accommodation&p=2679\" class=\"btn hidden-tablet\">Mehr<\/a>\n\t\t<\/figcaption>\n\t<\/figure>\n<\/div>\n\t\t\t\t<\/div><!-- end of modern_accommodations -->\n\t\t<div class=\"clearfix\"><\/div>\n<\/div> \n<div class=\"carousel_overflow_hidden span9\">\n\t<div class=\"offer-wrapper offers_carousel span9\">\n\t\t<div class=\"carousel_container\">\n\t\t\t\t\t\t\t<div class=\"offer entry no_left_margin span9 body-bg\">\n\t\t\t\t\t<div class=\"offer-content\">\n\t\t\t\t\t\t\t\t\t\t\t\t<div class=\"offer-image vh_animate_when_almost_visible span4\">\n\t\t\t\t\t\t\t\t\t\t\t\t\t<div class=\"ribbon-wrapper-green\"><div class=\"ribbon-green\">Bauernhof Medicina<\/div><\/div>\n\t\t\t\t\t\t\t<a class=\"size-thumbnail no_thickbox\" href=\"https:\/\/www.agriturismomedicina.it\/de\/bauernhof\/bauernhof-zu-collodi\/\">\n\t\t\t\t\t\t\t\t<img src=\"https:\/\/www.agriturismomedicina.it\/wp-content\/uploads\/2013\/06\/collodi-370x250.jpg \" class=\"image-with-border open_entry_image\" alt=\"\" \/>\n\t\t\t\t\t\t\t<\/a>\n\t\t\t\t\t\t<\/div>\n\t\t\t\t\t\t\t\t\t\t\t\t<div class=\"  span5\">\n\t\t\t\t\t\t\t<div class=\"item-title-bg\">\n\t\t\t\t\t\t\t\t<h2 class=\"entry-title span5\"><a href=\"https:\/\/www.agriturismomedicina.it\/de\/bauernhof\/bauernhof-zu-collodi\/\">Bauernhof zu Collodi<\/a><\/h2>\n\t\t\t\t\t\t\t\t<div class=\"clearfix\"><\/div>\n\t\t\t\t\t\t\t<\/div>\n\t\t\t\t\t\t\t<div class=\"offer-text\">\n\t\t\t\t\t\t\t\t<p>\u00a0Jeder kennt die Fabel von der Marionette Pinocchio. Sein Designer Carlo Lorenzini hat sich Collodi mit dem ber\u00fchmten Namen. Das Heimatdorf ist Pescia liegt nur wenige Kilometer von. Collodi sowie Pr\u00e4sentation der ber\u00fchmten Sehensw\u00fcrdigkeit Park von Pinocchio, hat sich &hellip; <\/p>\n<p><a href=\"https:\/\/www.agriturismomedicina.it\/de\/bauernhof\/bauernhof-zu-collodi\/\" class=\"read_more_link\">Mehr<\/a><\/p>\n\t\t\t\t\t\t\t<\/div>\n\t\t\t\t\t\t<\/div>\n\t\t\t\t\t\t<div class=\"clearfix\"><\/div>\n\t\t\t\t\t<\/div>\n\t\t\t\t<\/div><!--end of offer-->\n\t\t\t\t\t\t\t<div class=\"offer entry no_left_margin span9 body-bg\">\n\t\t\t\t\t<div class=\"offer-content\">\n\t\t\t\t\t\t\t\t\t\t\t\t<div class=\"offer-image vh_animate_when_almost_visible span4\">\n\t\t\t\t\t\t\t\t\t\t\t\t\t<div class=\"ribbon-wrapper-green\"><div class=\"ribbon-green\">Bauernhof Medicina<\/div><\/div>\n\t\t\t\t\t\t\t<a class=\"size-thumbnail no_thickbox\" href=\"https:\/\/www.agriturismomedicina.it\/de\/bauernhof\/bauernhof-mit-scwimmbad-zu-pescia\/\">\n\t\t\t\t\t\t\t\t<img src=\"https:\/\/www.agriturismomedicina.it\/wp-content\/uploads\/2013\/06\/piscina0o-370x250.jpg \" class=\"image-with-border open_entry_image\" alt=\"\" \/>\n\t\t\t\t\t\t\t<\/a>\n\t\t\t\t\t\t<\/div>\n\t\t\t\t\t\t\t\t\t\t\t\t<div class=\"  span5\">\n\t\t\t\t\t\t\t<div class=\"item-title-bg\">\n\t\t\t\t\t\t\t\t<h2 class=\"entry-title span5\"><a href=\"https:\/\/www.agriturismomedicina.it\/de\/bauernhof\/bauernhof-mit-scwimmbad-zu-pescia\/\">Bauernhof mit scwimmbad zu Pescia<\/a><\/h2>\n\t\t\t\t\t\t\t\t<div class=\"clearfix\"><\/div>\n\t\t\t\t\t\t\t<\/div>\n\t\t\t\t\t\t\t<div class=\"offer-text\">\n\t\t\t\t\t\t\t\t<p>Das Schwimmbad befindet sich unterhalb des Hauses und bietet einen herrlich weit reichenden Blick auf die toskanische Landschaft. Es handelt sich um eine sehr sonnige und offene Gegend, ideal zum ausgiebigen Genie\u00dfen der Sonne, die das Wasser angenehm erw\u00e4rmt. &hellip; <\/p>\n<p><a href=\"https:\/\/www.agriturismomedicina.it\/de\/bauernhof\/bauernhof-mit-scwimmbad-zu-pescia\/\" class=\"read_more_link\">Mehr<\/a><\/p>\n\t\t\t\t\t\t\t<\/div>\n\t\t\t\t\t\t<\/div>\n\t\t\t\t\t\t<div class=\"clearfix\"><\/div>\n\t\t\t\t\t<\/div>\n\t\t\t\t<\/div><!--end of offer-->\n\t\t\t\t\t\t\t<div class=\"offer entry no_left_margin span9 body-bg\">\n\t\t\t\t\t<div class=\"offer-content\">\n\t\t\t\t\t\t\t\t\t\t\t\t<div class=\"offer-image vh_animate_when_almost_visible span4\">\n\t\t\t\t\t\t\t\t\t\t\t\t\t<div class=\"ribbon-wrapper-green\"><div class=\"ribbon-green\">Bauernhof Medicina<\/div><\/div>\n\t\t\t\t\t\t\t<a class=\"size-thumbnail no_thickbox\" href=\"https:\/\/www.agriturismomedicina.it\/de\/bauernhof\/wohnungen-pescia\/\">\n\t\t\t\t\t\t\t\t<img src=\"https:\/\/www.agriturismomedicina.it\/wp-content\/uploads\/2013\/06\/room-verde-370x250.jpg \" class=\"image-with-border open_entry_image\" alt=\"\" \/>\n\t\t\t\t\t\t\t<\/a>\n\t\t\t\t\t\t<\/div>\n\t\t\t\t\t\t\t\t\t\t\t\t<div class=\"  span5\">\n\t\t\t\t\t\t\t<div class=\"item-title-bg\">\n\t\t\t\t\t\t\t\t<h2 class=\"entry-title span5\"><a href=\"https:\/\/www.agriturismomedicina.it\/de\/bauernhof\/wohnungen-pescia\/\">Wohnungen Pescia<\/a><\/h2>\n\t\t\t\t\t\t\t\t<div class=\"clearfix\"><\/div>\n\t\t\t\t\t\t\t<\/div>\n\t\t\t\t\t\t\t<div class=\"offer-text\">\n\t\t\t\t\t\t\t\t<p>Zu den verschiedenen Wohnungen geh\u00f6rt ein Raum, der als Waschraum mit den zugeh\u00f6rigen Haushaltger\u00e4ten ausgestattet ist. \u00a0<\/p>\n\t\t\t\t\t\t\t<\/div>\n\t\t\t\t\t\t<\/div>\n\t\t\t\t\t\t<div class=\"clearfix\"><\/div>\n\t\t\t\t\t<\/div>\n\t\t\t\t<\/div><!--end of offer-->\n\t\t\t\t\t<\/div>\n\t\t<div class=\"clearfix\"><\/div>\n\t\t\t\t\t<div class=\"hidden-phone vh-carousel-pages-wrapper vh-pages-wrapper span9 body-bg\">\n\t\t\t\t<a href=\"#\" class=\"page jcarousel-control-prev\"><<\/a>\n\t\t\t\t<a href=\"#\" class=\"page jcarousel-control-next\">><\/a><\/a>\n\t\t\t<\/div>\n\t\t\t<\/div>\n<\/div>\n<div class=\"clearfix\"><\/div><\/p>\n","protected":false},"excerpt":{"rendered":"","protected":false},"author":1,"featured_media":0,"parent":0,"menu_order":0,"comment_status":"open","ping_status":"open","template":"template-with-slitslider.php","meta":{"_expiration-date-status":"","_expiration-date":0,"_expiration-date-type":"","_expiration-date-categories":[],"_expiration-date-options":[]},"yoast_head":"<!-- This site is optimized with the Yoast SEO plugin v19.7.1 - https:\/\/yoast.com\/wordpress\/plugins\/seo\/ -->\n<title>Willkommen zu bauernhof Medicina! - Agriturismo di Medicina<\/title>\n<meta name=\"robots\" content=\"index, follow, max-snippet:-1, max-image-preview:large, max-video-preview:-1\" \/>\n<link rel=\"canonical\" href=\"https:\/\/www.agriturismomedicina.it\/de\/\" \/>\n<meta property=\"og:locale\" content=\"de_DE\" \/>\n<meta property=\"og:type\" content=\"article\" \/>\n<meta property=\"og:title\" content=\"Willkommen zu bauernhof Medicina! - Agriturismo di Medicina\" \/>\n<meta property=\"og:url\" content=\"https:\/\/www.agriturismomedicina.it\/de\/\" \/>\n<meta property=\"og:site_name\" content=\"Agriturismo di Medicina\" \/>\n<meta property=\"article:modified_time\" content=\"2015-07-08T06:34:46+00:00\" \/>\n<meta name=\"twitter:card\" content=\"summary\" \/>\n<script type=\"application\/ld+json\" class=\"yoast-schema-graph\">{\"@context\":\"https:\/\/schema.org\",\"@graph\":[{\"@type\":\"WebPage\",\"@id\":\"https:\/\/www.agriturismomedicina.it\/de\/\",\"url\":\"https:\/\/www.agriturismomedicina.it\/de\/\",\"name\":\"Willkommen zu bauernhof Medicina! - Agriturismo di Medicina\",\"isPartOf\":{\"@id\":\"https:\/\/www.agriturismomedicina.it\/#website\"},\"datePublished\":\"2015-06-14T23:35:13+00:00\",\"dateModified\":\"2015-07-08T06:34:46+00:00\",\"breadcrumb\":{\"@id\":\"https:\/\/www.agriturismomedicina.it\/de\/#breadcrumb\"},\"inLanguage\":\"de\",\"potentialAction\":[{\"@type\":\"ReadAction\",\"target\":[\"https:\/\/www.agriturismomedicina.it\/de\/\"]}]},{\"@type\":\"BreadcrumbList\",\"@id\":\"https:\/\/www.agriturismomedicina.it\/de\/#breadcrumb\",\"itemListElement\":[{\"@type\":\"ListItem\",\"position\":1,\"name\":\"Home\",\"item\":\"https:\/\/www.agriturismomedicina.it\/de\/\"},{\"@type\":\"ListItem\",\"position\":2,\"name\":\"Willkommen zu bauernhof Medicina!\"}]},{\"@type\":\"WebSite\",\"@id\":\"https:\/\/www.agriturismomedicina.it\/#website\",\"url\":\"https:\/\/www.agriturismomedicina.it\/\",\"name\":\"Agriturismo di Medicina\",\"description\":\"Agriturismo a Pescia\",\"potentialAction\":[{\"@type\":\"SearchAction\",\"target\":{\"@type\":\"EntryPoint\",\"urlTemplate\":\"https:\/\/www.agriturismomedicina.it\/?s={search_term_string}\"},\"query-input\":\"required name=search_term_string\"}],\"inLanguage\":\"de\"}]}<\/script>\n<!-- \/ Yoast SEO plugin. -->","yoast_head_json":{"title":"Willkommen zu bauernhof Medicina! - Agriturismo di Medicina","robots":{"index":"index","follow":"follow","max-snippet":"max-snippet:-1","max-image-preview":"max-image-preview:large","max-video-preview":"max-video-preview:-1"},"canonical":"https:\/\/www.agriturismomedicina.it\/de\/","og_locale":"de_DE","og_type":"article","og_title":"Willkommen zu bauernhof Medicina! - Agriturismo di Medicina","og_url":"https:\/\/www.agriturismomedicina.it\/de\/","og_site_name":"Agriturismo di Medicina","article_modified_time":"2015-07-08T06:34:46+00:00","twitter_card":"summary","schema":{"@context":"https:\/\/schema.org","@graph":[{"@type":"WebPage","@id":"https:\/\/www.agriturismomedicina.it\/de\/","url":"https:\/\/www.agriturismomedicina.it\/de\/","name":"Willkommen zu bauernhof Medicina! - Agriturismo di Medicina","isPartOf":{"@id":"https:\/\/www.agriturismomedicina.it\/#website"},"datePublished":"2015-06-14T23:35:13+00:00","dateModified":"2015-07-08T06:34:46+00:00","breadcrumb":{"@id":"https:\/\/www.agriturismomedicina.it\/de\/#breadcrumb"},"inLanguage":"de","potentialAction":[{"@type":"ReadAction","target":["https:\/\/www.agriturismomedicina.it\/de\/"]}]},{"@type":"BreadcrumbList","@id":"https:\/\/www.agriturismomedicina.it\/de\/#breadcrumb","itemListElement":[{"@type":"ListItem","position":1,"name":"Home","item":"https:\/\/www.agriturismomedicina.it\/de\/"},{"@type":"ListItem","position":2,"name":"Willkommen zu bauernhof Medicina!"}]},{"@type":"WebSite","@id":"https:\/\/www.agriturismomedicina.it\/#website","url":"https:\/\/www.agriturismomedicina.it\/","name":"Agriturismo di Medicina","description":"Agriturismo a Pescia","potentialAction":[{"@type":"SearchAction","target":{"@type":"EntryPoint","urlTemplate":"https:\/\/www.agriturismomedicina.it\/?s={search_term_string}"},"query-input":"required name=search_term_string"}],"inLanguage":"de"}]}},"_links":{"self":[{"href":"https:\/\/www.agriturismomedicina.it\/de\/wp-json\/wp\/v2\/pages\/2631"}],"collection":[{"href":"https:\/\/www.agriturismomedicina.it\/de\/wp-json\/wp\/v2\/pages"}],"about":[{"href":"https:\/\/www.agriturismomedicina.it\/de\/wp-json\/wp\/v2\/types\/page"}],"author":[{"embeddable":true,"href":"https:\/\/www.agriturismomedicina.it\/de\/wp-json\/wp\/v2\/users\/1"}],"replies":[{"embeddable":true,"href":"https:\/\/www.agriturismomedicina.it\/de\/wp-json\/wp\/v2\/comments?post=2631"}],"version-history":[{"count":0,"href":"https:\/\/www.agriturismomedicina.it\/de\/wp-json\/wp\/v2\/pages\/2631\/revisions"}],"wp:attachment":[{"href":"https:\/\/www.agriturismomedicina.it\/de\/wp-json\/wp\/v2\/media?parent=2631"}],"curies":[{"name":"wp","href":"https:\/\/api.w.org\/{rel}","templated":true}]}}