{"id":2573,"date":"2015-06-14T23:06:20","date_gmt":"2015-06-14T23:06:20","guid":{"rendered":"http:\/\/www.agriturismomedicina.it\/?page_id=2573"},"modified":"2015-07-16T10:28:00","modified_gmt":"2015-07-16T10:28:00","slug":"kontakt-bauernhof-medicina","status":"publish","type":"page","link":"https:\/\/www.agriturismomedicina.it\/de\/kontakt-bauernhof-medicina\/","title":{"rendered":"Kontakt bauernhof Medicina"},"content":{"rendered":"<div class=\"one_half\"><h2>Kontakte<\/h2>\n<p><div role=\"form\" class=\"wpcf7\" id=\"wpcf7-f2571-o1\" lang=\"it-IT\" dir=\"ltr\">\n<div class=\"screen-reader-response\"><p role=\"status\" aria-live=\"polite\" aria-atomic=\"true\"><\/p> <ul><\/ul><\/div>\n<form action=\"\/de\/wp-json\/wp\/v2\/pages\/2573#wpcf7-f2571-o1\" method=\"post\" class=\"wpcf7-form init wpcf7-acceptance-as-validation\" novalidate=\"novalidate\" data-status=\"init\">\n<div style=\"display: none;\">\n<input type=\"hidden\" name=\"_wpcf7\" value=\"2571\" \/>\n<input type=\"hidden\" name=\"_wpcf7_version\" value=\"5.6.3\" \/>\n<input type=\"hidden\" name=\"_wpcf7_locale\" value=\"it_IT\" \/>\n<input type=\"hidden\" name=\"_wpcf7_unit_tag\" value=\"wpcf7-f2571-o1\" \/>\n<input type=\"hidden\" name=\"_wpcf7_container_post\" value=\"0\" \/>\n<input type=\"hidden\" name=\"_wpcf7_posted_data_hash\" value=\"\" \/>\n<input type=\"hidden\" name=\"_wpcf7_recaptcha_response\" value=\"\" \/>\n<\/div>\n<p>Name (erforderlich)<br \/>\n    <span class=\"wpcf7-form-control-wrap\" data-name=\"your-name\"><input type=\"text\" name=\"your-name\" value=\"\" size=\"40\" class=\"wpcf7-form-control wpcf7-text wpcf7-validates-as-required\" aria-required=\"true\" aria-invalid=\"false\" \/><\/span> <\/p>\n<p>Email addresse (erforderlich)<br \/>\n    <span class=\"wpcf7-form-control-wrap\" data-name=\"your-email\"><input type=\"email\" name=\"your-email\" value=\"\" size=\"40\" class=\"wpcf7-form-control wpcf7-text wpcf7-email wpcf7-validates-as-required wpcf7-validates-as-email\" aria-required=\"true\" aria-invalid=\"false\" \/><\/span> <\/p>\n<p>Telefonnummer<br \/>\n    <span class=\"wpcf7-form-control-wrap\" data-name=\"your-subject\"><input type=\"text\" name=\"your-subject\" value=\"\" size=\"40\" class=\"wpcf7-form-control wpcf7-text\" aria-invalid=\"false\" \/><\/span> <\/p>\n<p>Nachricht<br \/>\n    <span class=\"wpcf7-form-control-wrap\" data-name=\"your-message\"><textarea name=\"your-message\" cols=\"40\" rows=\"10\" class=\"wpcf7-form-control wpcf7-textarea\" aria-invalid=\"false\"><\/textarea><\/span> <\/p>\n<p><span class=\"wpcf7-form-control-wrap\" data-name=\"acceptance-57\"><span class=\"wpcf7-form-control wpcf7-acceptance\"><span class=\"wpcf7-list-item\"><label><input type=\"checkbox\" name=\"acceptance-57\" value=\"1\" aria-invalid=\"false\" \/><span class=\"wpcf7-list-item-label\">Ich erm\u00e4chtige die Website, meine Daten zu verwalten, um auf meine Anfrage zu antworten. Die Daten werden m\u00f6glicherweise auf dieser Website gespeichert, k\u00f6nnen aber m\u00f6glicherweise wie auf der Seite <a href=\"\/privacy\/\"> Datenschutz <\/a> beschrieben gel\u00f6scht werden<\/span><\/label><\/span><\/span><\/span><\/p>\n<p><input type=\"submit\" value=\"Senden\" class=\"wpcf7-form-control has-spinner wpcf7-submit\" \/><\/p>\n<div class=\"wpcf7-response-output\" aria-hidden=\"true\"><\/div><\/form><\/div><\/div> <div class=\"one_half column-last\"><h2>Bauernhof Medicina<\/h2>\n<p style=\"text-align: justify;\">Via di Medicina 22\/24 51017 Pescia (PT)<\/p>\n<p style=\"text-align: justify;\">Telefonnummer: +39 393 2021377 Fax:\u00a0+39 0572 451300<\/p>\n<p style=\"text-align: justify;\">e-mail: <a href=\"mailto:info@agriturismomedicina.it\">info@agriturismomedicina.it<\/a> <div class=\"divider type_1\"><\/div><\/p>\n<h2>Erreichen Schweiz Pesciatina<\/h2>\n<p class=\"testo\"><b>Von Florenz aus<\/b><br \/>\nAusfahrt Autobahn A11 Ausfahrt Chiesina Uzzanese nach der Mautstelle in Richtung Pescia und weiter zum Ortsteil Medicina.<\/p>\n<p class=\"testo\"><b> Von Lucca aus<\/b> come off the A11 Motorway Chiesina Uzzanese exit, and follow the signs for Pescia; then at the top end of town carry on to Medicina.<\/p>\n<p>Entfernung von der Stadt Florenz Km 60<br \/>\nEntfernung von der Stadt Lucca Km. 25<br \/>\nEntfernung von der Stadt Montecatini Terme Km. 15<br \/>\nEntfernung von der Versilia Km. 40.<\/div>\n\t\t\t<div class=\"clearer\"><\/div>\n","protected":false},"excerpt":{"rendered":"","protected":false},"author":1,"featured_media":0,"parent":0,"menu_order":0,"comment_status":"open","ping_status":"closed","template":"template-contacts.php","meta":{"_expiration-date-status":"","_expiration-date":0,"_expiration-date-type":"","_expiration-date-categories":[],"_expiration-date-options":[]},"yoast_head":"<!-- This site is optimized with the Yoast SEO plugin v19.7.1 - https:\/\/yoast.com\/wordpress\/plugins\/seo\/ -->\n<title>Kontakt bauernhof Medicina - Agriturismo di Medicina<\/title>\n<meta name=\"robots\" content=\"index, follow, max-snippet:-1, max-image-preview:large, max-video-preview:-1\" \/>\n<link rel=\"canonical\" href=\"https:\/\/www.agriturismomedicina.it\/de\/kontakt-bauernhof-medicina\/\" \/>\n<meta property=\"og:locale\" content=\"de_DE\" \/>\n<meta property=\"og:type\" content=\"article\" \/>\n<meta property=\"og:title\" content=\"Kontakt bauernhof Medicina - Agriturismo di Medicina\" \/>\n<meta property=\"og:url\" content=\"https:\/\/www.agriturismomedicina.it\/de\/kontakt-bauernhof-medicina\/\" \/>\n<meta property=\"og:site_name\" content=\"Agriturismo di Medicina\" \/>\n<meta property=\"article:modified_time\" content=\"2015-07-16T10:28:00+00:00\" \/>\n<meta name=\"twitter:card\" content=\"summary\" \/>\n<meta name=\"twitter:label1\" content=\"Gesch\u00e4tzte Lesezeit\" \/>\n\t<meta name=\"twitter:data1\" content=\"1\u00a0Minute\" \/>\n<script type=\"application\/ld+json\" class=\"yoast-schema-graph\">{\"@context\":\"https:\/\/schema.org\",\"@graph\":[{\"@type\":\"WebPage\",\"@id\":\"https:\/\/www.agriturismomedicina.it\/de\/kontakt-bauernhof-medicina\/\",\"url\":\"https:\/\/www.agriturismomedicina.it\/de\/kontakt-bauernhof-medicina\/\",\"name\":\"Kontakt bauernhof Medicina - Agriturismo di Medicina\",\"isPartOf\":{\"@id\":\"https:\/\/www.agriturismomedicina.it\/#website\"},\"datePublished\":\"2015-06-14T23:06:20+00:00\",\"dateModified\":\"2015-07-16T10:28:00+00:00\",\"breadcrumb\":{\"@id\":\"https:\/\/www.agriturismomedicina.it\/de\/kontakt-bauernhof-medicina\/#breadcrumb\"},\"inLanguage\":\"de\",\"potentialAction\":[{\"@type\":\"ReadAction\",\"target\":[\"https:\/\/www.agriturismomedicina.it\/de\/kontakt-bauernhof-medicina\/\"]}]},{\"@type\":\"BreadcrumbList\",\"@id\":\"https:\/\/www.agriturismomedicina.it\/de\/kontakt-bauernhof-medicina\/#breadcrumb\",\"itemListElement\":[{\"@type\":\"ListItem\",\"position\":1,\"name\":\"Home\",\"item\":\"https:\/\/www.agriturismomedicina.it\/de\/\"},{\"@type\":\"ListItem\",\"position\":2,\"name\":\"Kontakt bauernhof Medicina\"}]},{\"@type\":\"WebSite\",\"@id\":\"https:\/\/www.agriturismomedicina.it\/#website\",\"url\":\"https:\/\/www.agriturismomedicina.it\/\",\"name\":\"Agriturismo di Medicina\",\"description\":\"Agriturismo a Pescia\",\"potentialAction\":[{\"@type\":\"SearchAction\",\"target\":{\"@type\":\"EntryPoint\",\"urlTemplate\":\"https:\/\/www.agriturismomedicina.it\/?s={search_term_string}\"},\"query-input\":\"required name=search_term_string\"}],\"inLanguage\":\"de\"}]}<\/script>\n<!-- \/ Yoast SEO plugin. -->","yoast_head_json":{"title":"Kontakt bauernhof Medicina - Agriturismo di Medicina","robots":{"index":"index","follow":"follow","max-snippet":"max-snippet:-1","max-image-preview":"max-image-preview:large","max-video-preview":"max-video-preview:-1"},"canonical":"https:\/\/www.agriturismomedicina.it\/de\/kontakt-bauernhof-medicina\/","og_locale":"de_DE","og_type":"article","og_title":"Kontakt bauernhof Medicina - Agriturismo di Medicina","og_url":"https:\/\/www.agriturismomedicina.it\/de\/kontakt-bauernhof-medicina\/","og_site_name":"Agriturismo di Medicina","article_modified_time":"2015-07-16T10:28:00+00:00","twitter_card":"summary","twitter_misc":{"Gesch\u00e4tzte Lesezeit":"1\u00a0Minute"},"schema":{"@context":"https:\/\/schema.org","@graph":[{"@type":"WebPage","@id":"https:\/\/www.agriturismomedicina.it\/de\/kontakt-bauernhof-medicina\/","url":"https:\/\/www.agriturismomedicina.it\/de\/kontakt-bauernhof-medicina\/","name":"Kontakt bauernhof Medicina - Agriturismo di Medicina","isPartOf":{"@id":"https:\/\/www.agriturismomedicina.it\/#website"},"datePublished":"2015-06-14T23:06:20+00:00","dateModified":"2015-07-16T10:28:00+00:00","breadcrumb":{"@id":"https:\/\/www.agriturismomedicina.it\/de\/kontakt-bauernhof-medicina\/#breadcrumb"},"inLanguage":"de","potentialAction":[{"@type":"ReadAction","target":["https:\/\/www.agriturismomedicina.it\/de\/kontakt-bauernhof-medicina\/"]}]},{"@type":"BreadcrumbList","@id":"https:\/\/www.agriturismomedicina.it\/de\/kontakt-bauernhof-medicina\/#breadcrumb","itemListElement":[{"@type":"ListItem","position":1,"name":"Home","item":"https:\/\/www.agriturismomedicina.it\/de\/"},{"@type":"ListItem","position":2,"name":"Kontakt bauernhof Medicina"}]},{"@type":"WebSite","@id":"https:\/\/www.agriturismomedicina.it\/#website","url":"https:\/\/www.agriturismomedicina.it\/","name":"Agriturismo di Medicina","description":"Agriturismo a Pescia","potentialAction":[{"@type":"SearchAction","target":{"@type":"EntryPoint","urlTemplate":"https:\/\/www.agriturismomedicina.it\/?s={search_term_string}"},"query-input":"required name=search_term_string"}],"inLanguage":"de"}]}},"_links":{"self":[{"href":"https:\/\/www.agriturismomedicina.it\/de\/wp-json\/wp\/v2\/pages\/2573"}],"collection":[{"href":"https:\/\/www.agriturismomedicina.it\/de\/wp-json\/wp\/v2\/pages"}],"about":[{"href":"https:\/\/www.agriturismomedicina.it\/de\/wp-json\/wp\/v2\/types\/page"}],"author":[{"embeddable":true,"href":"https:\/\/www.agriturismomedicina.it\/de\/wp-json\/wp\/v2\/users\/1"}],"replies":[{"embeddable":true,"href":"https:\/\/www.agriturismomedicina.it\/de\/wp-json\/wp\/v2\/comments?post=2573"}],"version-history":[{"count":0,"href":"https:\/\/www.agriturismomedicina.it\/de\/wp-json\/wp\/v2\/pages\/2573\/revisions"}],"wp:attachment":[{"href":"https:\/\/www.agriturismomedicina.it\/de\/wp-json\/wp\/v2\/media?parent=2573"}],"curies":[{"name":"wp","href":"https:\/\/api.w.org\/{rel}","templated":true}]}}