{"id":2563,"date":"2015-06-14T22:49:15","date_gmt":"2015-06-14T22:49:15","guid":{"rendered":"http:\/\/www.agriturismomedicina.it\/?page_id=2563"},"modified":"2015-06-25T07:50:58","modified_gmt":"2015-06-25T07:50:58","slug":"bauernhof-zu-pisa","status":"publish","type":"page","link":"https:\/\/www.agriturismomedicina.it\/de\/bauernhof-zu-pisa\/","title":{"rendered":"Bauernhof zu Pisa"},"content":{"rendered":"<div class=\"three_fourths\"><h2>Bauernhof zu Pisa<\/h2><\/p>\n<p class=\"testop\"><span id=\"result_box\" class=\"long_text\"><span title=\"Tra i monumenti pi\u00f9 importanti della citt\u00e0 vi \u00e8 - nella celebre piazza del Duomo, dichiarata patrimonio dell'umanit\u00e0 - la Cattedrale costruita in marmo tra il 1063 e il 1118, in stile romanico pisano, con il portale in bronzo di san Ranieri di Bonanno Pisano\">Zu den wichtigsten Sehensw\u00fcrdigkeiten der Stadt gibt es &#8211; in der ber\u00fchmten Piazza del Duomo, World Heritage &#8211; der Marmor Kathedrale zwischen 1063 und 1118 im romanisch-pisanischen Stil gebaut, mit dem bronzenen T\u00fcr des San Ranieri von Bonanno Pisano <\/span><span title=\"e il pulpito di Giovanni Pisano.\">und die Kanzel von Giovanni Pisano. <\/span><span title=\"Nella piazza svetta la caratteristica Torre pendente, campanile del XII secolo, alta 56 metri, che acquis\u00ec la sua caratteristica inclinazione dieci anni dopo l'inizio della sua costruzione, oggi uno dei monumenti italiani pi\u00f9 conosciuti al mondo.\">Auf dem Platz steht die charakteristischen schiefen Turm, Turm der im zw\u00f6lften Jahrhundert, 56 Meter hoch, was den charakteristischen tilt zehn Jahre nach dem Beginn des Baus erworben, heute eines der weltweit bekannten italienischen Sehensw\u00fcrdigkeiten.<br \/>\n<\/span><span title=\"Da notare la presenza di almeno tre torri inclinate: una, la pi\u00f9 nota, appunto in piazza del Duomo; la seconda costituita dal campanile della chiesa di San Nicola, all'estremit\u00e0 opposta di via Santa Maria, vicino al Lungarno; la terza, a\">Beachten Sie die Anwesenheit von mindestens drei schiefen T\u00fcrme: ein, der bekannteste, auf der Piazza del Duomo, der zweite aus dem Kirchturm von St. Nikolaus, am anderen Ende der Via Santa Maria, in der N\u00e4he der Via, der dritte, <\/span><span title=\"met\u00e0 strada del viale delle Piagge (lungofiume situato nella parte est della citt\u00e0), \u00e8 il campanile della chiesa di San Michele degli Scalzi (in questo caso anche la chiesa \u00e8 pendente).\">auf halbem Weg durch die Allee der Piagge (am Flussufer \u00f6stlich der Stadt) ist der Turm der Kirche von San Michele degli Scalzi (in diesem Fall der Kirche steht noch aus).<\/span><\/span><\/p><\/div> <div class=\"one_fourth column-last\"><div id=\"attachment_2448\" style=\"width: 610px\" class=\"wp-caption alignnone\"><a href=\"http:\/\/www.agriturismomedicina.it\/wp-content\/uploads\/2015\/06\/CampodeiMiracoliPisa_edit.jpg\"><img aria-describedby=\"caption-attachment-2448\" loading=\"lazy\" class=\"wp-image-2448 size-full\" src=\"http:\/\/www.agriturismomedicina.it\/wp-content\/uploads\/2015\/06\/CampodeiMiracoliPisa_edit.jpg\" alt=\"\" width=\"600\" height=\"600\" srcset=\"https:\/\/www.agriturismomedicina.it\/wp-content\/uploads\/2015\/06\/CampodeiMiracoliPisa_edit.jpg 600w, https:\/\/www.agriturismomedicina.it\/wp-content\/uploads\/2015\/06\/CampodeiMiracoliPisa_edit-150x150.jpg 150w, https:\/\/www.agriturismomedicina.it\/wp-content\/uploads\/2015\/06\/CampodeiMiracoliPisa_edit-300x300.jpg 300w, https:\/\/www.agriturismomedicina.it\/wp-content\/uploads\/2015\/06\/CampodeiMiracoliPisa_edit-270x270.jpg 270w, https:\/\/www.agriturismomedicina.it\/wp-content\/uploads\/2015\/06\/CampodeiMiracoliPisa_edit-125x125.jpg 125w, https:\/\/www.agriturismomedicina.it\/wp-content\/uploads\/2015\/06\/CampodeiMiracoliPisa_edit-70x70.jpg 70w\" sizes=\"(max-width: 600px) 100vw, 600px\" \/><\/a><p id=\"caption-attachment-2448\" class=\"wp-caption-text\">Piazza dei Miracoli Pisa<\/p><\/div><\/div>\n\t\t\t<div class=\"clearer\"><\/div> <iframe loading=\"lazy\" style=\"width: 100%; height: 300px;\" src=\"https:\/\/www.google.com\/maps\/embed?pb=!1m28!1m12!1m3!1d184197.18406439858!2d10.376524849837939!3d43.833418395463426!2m3!1f0!2f0!3f0!3m2!1i1024!2i768!4f13.1!4m13!3e0!4m5!1s0x132a811ba3fabb6b%3A0xd2400fb26b171153!2sStrada+Comunale+Medicina+Pietrabuona%2C+22%2C+51017+Medicina+PT!3m2!1d43.942877499999994!2d10.6792457!4m5!1s0x12d5919af0f6598f%3A0xaab80fb5a78478c8!2sPisa%2C+PI!3m2!1d43.722838599999996!2d10.401688799999999!5e0!3m2!1sit!2sit!4v1433933287429\" width=\"300\" height=\"150\" frameborder=\"0\"><\/iframe> <div class=\"divider type_1\"><\/div> <div class=\"one_third\"><a href=\"\/de\/bauernhof-zu-collodi\/\" target=\"_self\" style=\"color: #81c149; \" class=\"btn btnluca btn-large\">Bauernhof zu Collodi<\/a><\/div> <div class=\"one_third\"><a href=\"\/de\/bauernhof-zu-lucca\/\" target=\"_self\" style=\"color: #81c149; \" class=\"btn btnluca btn-large\">Bauernhof zu Lucca<\/a><\/div> <div class=\"one_third column-last\"><a href=\"\/de\/bauernhof-zu-florenz\/\" target=\"_self\" style=\"color: #81c149; \" class=\"btn btnluca btn-large\">Bauernhof zu Florenz<\/a><\/div>\n\t\t\t<div class=\"clearer\"><\/div>\n","protected":false},"excerpt":{"rendered":"","protected":false},"author":1,"featured_media":0,"parent":0,"menu_order":0,"comment_status":"open","ping_status":"open","template":"template-with-slitslider.php","meta":{"_expiration-date-status":"","_expiration-date":0,"_expiration-date-type":"","_expiration-date-categories":[],"_expiration-date-options":[]},"yoast_head":"<!-- This site is optimized with the Yoast SEO plugin v19.7.1 - https:\/\/yoast.com\/wordpress\/plugins\/seo\/ -->\n<title>Bauernhof zu Pisa - Agriturismo di Medicina<\/title>\n<meta name=\"robots\" content=\"index, follow, max-snippet:-1, max-image-preview:large, max-video-preview:-1\" \/>\n<link rel=\"canonical\" href=\"https:\/\/www.agriturismomedicina.it\/de\/bauernhof-zu-pisa\/\" \/>\n<meta property=\"og:locale\" content=\"de_DE\" \/>\n<meta property=\"og:type\" content=\"article\" \/>\n<meta property=\"og:title\" content=\"Bauernhof zu Pisa - Agriturismo di Medicina\" \/>\n<meta property=\"og:url\" content=\"https:\/\/www.agriturismomedicina.it\/de\/bauernhof-zu-pisa\/\" \/>\n<meta property=\"og:site_name\" content=\"Agriturismo di Medicina\" \/>\n<meta property=\"article:modified_time\" content=\"2015-06-25T07:50:58+00:00\" \/>\n<meta property=\"og:image\" content=\"http:\/\/www.agriturismomedicina.it\/wp-content\/uploads\/2015\/06\/CampodeiMiracoliPisa_edit.jpg\" \/>\n<meta name=\"twitter:card\" content=\"summary\" \/>\n<meta name=\"twitter:label1\" content=\"Gesch\u00e4tzte Lesezeit\" \/>\n\t<meta name=\"twitter:data1\" content=\"1\u00a0Minute\" \/>\n<script type=\"application\/ld+json\" class=\"yoast-schema-graph\">{\"@context\":\"https:\/\/schema.org\",\"@graph\":[{\"@type\":\"WebPage\",\"@id\":\"https:\/\/www.agriturismomedicina.it\/de\/bauernhof-zu-pisa\/\",\"url\":\"https:\/\/www.agriturismomedicina.it\/de\/bauernhof-zu-pisa\/\",\"name\":\"Bauernhof zu Pisa - Agriturismo di Medicina\",\"isPartOf\":{\"@id\":\"https:\/\/www.agriturismomedicina.it\/#website\"},\"datePublished\":\"2015-06-14T22:49:15+00:00\",\"dateModified\":\"2015-06-25T07:50:58+00:00\",\"breadcrumb\":{\"@id\":\"https:\/\/www.agriturismomedicina.it\/de\/bauernhof-zu-pisa\/#breadcrumb\"},\"inLanguage\":\"de\",\"potentialAction\":[{\"@type\":\"ReadAction\",\"target\":[\"https:\/\/www.agriturismomedicina.it\/de\/bauernhof-zu-pisa\/\"]}]},{\"@type\":\"BreadcrumbList\",\"@id\":\"https:\/\/www.agriturismomedicina.it\/de\/bauernhof-zu-pisa\/#breadcrumb\",\"itemListElement\":[{\"@type\":\"ListItem\",\"position\":1,\"name\":\"Home\",\"item\":\"https:\/\/www.agriturismomedicina.it\/de\/\"},{\"@type\":\"ListItem\",\"position\":2,\"name\":\"Bauernhof zu Pisa\"}]},{\"@type\":\"WebSite\",\"@id\":\"https:\/\/www.agriturismomedicina.it\/#website\",\"url\":\"https:\/\/www.agriturismomedicina.it\/\",\"name\":\"Agriturismo di Medicina\",\"description\":\"Agriturismo a Pescia\",\"potentialAction\":[{\"@type\":\"SearchAction\",\"target\":{\"@type\":\"EntryPoint\",\"urlTemplate\":\"https:\/\/www.agriturismomedicina.it\/?s={search_term_string}\"},\"query-input\":\"required name=search_term_string\"}],\"inLanguage\":\"de\"}]}<\/script>\n<!-- \/ Yoast SEO plugin. -->","yoast_head_json":{"title":"Bauernhof zu Pisa - Agriturismo di Medicina","robots":{"index":"index","follow":"follow","max-snippet":"max-snippet:-1","max-image-preview":"max-image-preview:large","max-video-preview":"max-video-preview:-1"},"canonical":"https:\/\/www.agriturismomedicina.it\/de\/bauernhof-zu-pisa\/","og_locale":"de_DE","og_type":"article","og_title":"Bauernhof zu Pisa - Agriturismo di Medicina","og_url":"https:\/\/www.agriturismomedicina.it\/de\/bauernhof-zu-pisa\/","og_site_name":"Agriturismo di Medicina","article_modified_time":"2015-06-25T07:50:58+00:00","og_image":[{"url":"http:\/\/www.agriturismomedicina.it\/wp-content\/uploads\/2015\/06\/CampodeiMiracoliPisa_edit.jpg"}],"twitter_card":"summary","twitter_misc":{"Gesch\u00e4tzte Lesezeit":"1\u00a0Minute"},"schema":{"@context":"https:\/\/schema.org","@graph":[{"@type":"WebPage","@id":"https:\/\/www.agriturismomedicina.it\/de\/bauernhof-zu-pisa\/","url":"https:\/\/www.agriturismomedicina.it\/de\/bauernhof-zu-pisa\/","name":"Bauernhof zu Pisa - Agriturismo di Medicina","isPartOf":{"@id":"https:\/\/www.agriturismomedicina.it\/#website"},"datePublished":"2015-06-14T22:49:15+00:00","dateModified":"2015-06-25T07:50:58+00:00","breadcrumb":{"@id":"https:\/\/www.agriturismomedicina.it\/de\/bauernhof-zu-pisa\/#breadcrumb"},"inLanguage":"de","potentialAction":[{"@type":"ReadAction","target":["https:\/\/www.agriturismomedicina.it\/de\/bauernhof-zu-pisa\/"]}]},{"@type":"BreadcrumbList","@id":"https:\/\/www.agriturismomedicina.it\/de\/bauernhof-zu-pisa\/#breadcrumb","itemListElement":[{"@type":"ListItem","position":1,"name":"Home","item":"https:\/\/www.agriturismomedicina.it\/de\/"},{"@type":"ListItem","position":2,"name":"Bauernhof zu Pisa"}]},{"@type":"WebSite","@id":"https:\/\/www.agriturismomedicina.it\/#website","url":"https:\/\/www.agriturismomedicina.it\/","name":"Agriturismo di Medicina","description":"Agriturismo a Pescia","potentialAction":[{"@type":"SearchAction","target":{"@type":"EntryPoint","urlTemplate":"https:\/\/www.agriturismomedicina.it\/?s={search_term_string}"},"query-input":"required name=search_term_string"}],"inLanguage":"de"}]}},"_links":{"self":[{"href":"https:\/\/www.agriturismomedicina.it\/de\/wp-json\/wp\/v2\/pages\/2563"}],"collection":[{"href":"https:\/\/www.agriturismomedicina.it\/de\/wp-json\/wp\/v2\/pages"}],"about":[{"href":"https:\/\/www.agriturismomedicina.it\/de\/wp-json\/wp\/v2\/types\/page"}],"author":[{"embeddable":true,"href":"https:\/\/www.agriturismomedicina.it\/de\/wp-json\/wp\/v2\/users\/1"}],"replies":[{"embeddable":true,"href":"https:\/\/www.agriturismomedicina.it\/de\/wp-json\/wp\/v2\/comments?post=2563"}],"version-history":[{"count":0,"href":"https:\/\/www.agriturismomedicina.it\/de\/wp-json\/wp\/v2\/pages\/2563\/revisions"}],"wp:attachment":[{"href":"https:\/\/www.agriturismomedicina.it\/de\/wp-json\/wp\/v2\/media?parent=2563"}],"curies":[{"name":"wp","href":"https:\/\/api.w.org\/{rel}","templated":true}]}}