{"id":2559,"date":"2015-06-14T22:42:25","date_gmt":"2015-06-14T22:42:25","guid":{"rendered":"http:\/\/www.agriturismomedicina.it\/?page_id=2559"},"modified":"2015-06-25T07:50:46","modified_gmt":"2015-06-25T07:50:46","slug":"bauernhof-zu-lucca","status":"publish","type":"page","link":"https:\/\/www.agriturismomedicina.it\/de\/bauernhof-zu-lucca\/","title":{"rendered":"Bauernhof zu Lucca"},"content":{"rendered":"<div class=\"three_fourths\"><h2>Bauernhof zu Lucca<\/h2><\/p>\n<p class=\"testop\"><span id=\"result_box\" class=\"long_text\"><span title=\"Lucca \u00e8 una delle principali citt\u00e0 d'arte d'Italia, celebre anche al di fuori dei confini nazionali soprattutto per la sua intatta cinta muraria del XV-XVII secolo, che descrive un perimetro di 4.450 m circa intorno al nucleo storico della citt\u00e0 e ne\">Lucca ist eine der wichtigsten St\u00e4dte Italiens, bekannt auch \u00fcber die Landesgrenzen hinaus vor allem wegen seiner gut erhaltenen Stadtmauer aus dem XV-XVII Jahrhundert, die einen Umfang von \u00fcber 4450 m rund um den historischen Kern der Stadt und beschreibt <\/span><span title=\"fa uno dei 4 capoluoghi di provincia Italiani ad avere una cerchia muraria intatta, assieme a Ferrara, Grosseto, Bergamo; la stessa cerchia, trasformata gi\u00e0 a partire dalla seconda met\u00e0 dell'Ottocento in piacevole passeggiata pedonale, risulta a tutt'oggi come una delle\">ist eine der 4 Landeshauptst\u00e4dten an einen italienischen Stadtmauer erhalten, zusammen mit Ferrara, Grosseto, Bergamo, und im selben Kreis haben, war es bereits ab der zweiten H\u00e4lfte des neunzehnten Jahrhunderts in der angenehmen Fu\u00dfg\u00e4ngerzone, ist immer noch einer <\/span><span title=\"meglio conservate in Europa, in quanto mai utilizzata nei secoli passati a scopo difensivo.\">am besten erhaltenen in Europa, wie in vergangenen Jahrhunderten noch nie f\u00fcr defensive Zwecke verwendet werden.<\/span><\/span><\/p><\/div> <div class=\"one_fourth column-last\"><div id=\"attachment_2443\" style=\"width: 610px\" class=\"wp-caption alignnone\"><a href=\"http:\/\/www.agriturismomedicina.it\/wp-content\/uploads\/2015\/06\/lucca.jpg\"><img aria-describedby=\"caption-attachment-2443\" loading=\"lazy\" class=\"wp-image-2443 size-full\" src=\"http:\/\/www.agriturismomedicina.it\/wp-content\/uploads\/2015\/06\/lucca.jpg\" alt=\"\" width=\"600\" height=\"600\" srcset=\"https:\/\/www.agriturismomedicina.it\/wp-content\/uploads\/2015\/06\/lucca.jpg 600w, https:\/\/www.agriturismomedicina.it\/wp-content\/uploads\/2015\/06\/lucca-150x150.jpg 150w, https:\/\/www.agriturismomedicina.it\/wp-content\/uploads\/2015\/06\/lucca-300x300.jpg 300w, https:\/\/www.agriturismomedicina.it\/wp-content\/uploads\/2015\/06\/lucca-270x270.jpg 270w, https:\/\/www.agriturismomedicina.it\/wp-content\/uploads\/2015\/06\/lucca-125x125.jpg 125w, https:\/\/www.agriturismomedicina.it\/wp-content\/uploads\/2015\/06\/lucca-70x70.jpg 70w\" sizes=\"(max-width: 600px) 100vw, 600px\" \/><\/a><p id=\"caption-attachment-2443\" class=\"wp-caption-text\">Lucca anfiteatro square<\/p><\/div><\/div>\n\t\t\t<div class=\"clearer\"><\/div> <iframe loading=\"lazy\" style=\"width: 100%; height: 300px;\" src=\"https:\/\/www.google.com\/maps\/embed?pb=!1m28!1m12!1m3!1d92027.7706063124!2d10.528562484070646!3d43.87928993061776!2m3!1f0!2f0!3f0!3m2!1i1024!2i768!4f13.1!4m13!3e0!4m5!1s0x132a811ba3fabb6b%3A0xd2400fb26b171153!2sStrada+Comunale+Medicina+Pietrabuona%2C+22%2C+51017+Medicina+PT!3m2!1d43.942877499999994!2d10.6792457!4m5!1s0x12d5839a50ed08ef%3A0x792a2692654dd9e1!2sLucca%2C+LU!3m2!1d43.8376211!2d10.4950609!5e0!3m2!1sit!2sit!4v1433932586913\" width=\"300\" height=\"150\" frameborder=\"0\"><\/iframe> <div class=\"divider type_1\"><\/div> <div class=\"one_third\"><a href=\"\/de\/bauernhof-zu-collodi\/\" target=\"_self\" style=\"color: #81c149; \" class=\"btn btnluca btn-large\">Bauernhof zu Collodi<\/a><\/div> <div class=\"one_third\"><a href=\"\/de\/bauernhof-zu-pisa\/\" target=\"_self\" style=\"color: #81c149; \" class=\"btn btnluca btn-large\">Bauernhof zu Pisa<\/a><\/div> <div class=\"one_third column-last\"><a href=\"\/de\/bauernhof-zu-florenz\/\" target=\"_self\" style=\"color: #81c149; \" class=\"btn btnluca btn-large\">Bauernhof zu Florenz<\/a><\/div>\n\t\t\t<div class=\"clearer\"><\/div>\n","protected":false},"excerpt":{"rendered":"","protected":false},"author":1,"featured_media":0,"parent":0,"menu_order":0,"comment_status":"open","ping_status":"open","template":"template-with-slitslider.php","meta":{"_expiration-date-status":"","_expiration-date":0,"_expiration-date-type":"","_expiration-date-categories":[],"_expiration-date-options":[]},"yoast_head":"<!-- This site is optimized with the Yoast SEO plugin v19.7.1 - https:\/\/yoast.com\/wordpress\/plugins\/seo\/ -->\n<title>Bauernhof zu Lucca - Agriturismo di Medicina<\/title>\n<meta name=\"robots\" content=\"index, follow, max-snippet:-1, max-image-preview:large, max-video-preview:-1\" \/>\n<link rel=\"canonical\" href=\"https:\/\/www.agriturismomedicina.it\/de\/bauernhof-zu-lucca\/\" \/>\n<meta property=\"og:locale\" content=\"de_DE\" \/>\n<meta property=\"og:type\" content=\"article\" \/>\n<meta property=\"og:title\" content=\"Bauernhof zu Lucca - Agriturismo di Medicina\" \/>\n<meta property=\"og:url\" content=\"https:\/\/www.agriturismomedicina.it\/de\/bauernhof-zu-lucca\/\" \/>\n<meta property=\"og:site_name\" content=\"Agriturismo di Medicina\" \/>\n<meta property=\"article:modified_time\" content=\"2015-06-25T07:50:46+00:00\" \/>\n<meta property=\"og:image\" content=\"http:\/\/www.agriturismomedicina.it\/wp-content\/uploads\/2015\/06\/lucca.jpg\" \/>\n<meta name=\"twitter:card\" content=\"summary\" \/>\n<meta name=\"twitter:label1\" content=\"Gesch\u00e4tzte Lesezeit\" \/>\n\t<meta name=\"twitter:data1\" content=\"1\u00a0Minute\" \/>\n<script type=\"application\/ld+json\" class=\"yoast-schema-graph\">{\"@context\":\"https:\/\/schema.org\",\"@graph\":[{\"@type\":\"WebPage\",\"@id\":\"https:\/\/www.agriturismomedicina.it\/de\/bauernhof-zu-lucca\/\",\"url\":\"https:\/\/www.agriturismomedicina.it\/de\/bauernhof-zu-lucca\/\",\"name\":\"Bauernhof zu Lucca - Agriturismo di Medicina\",\"isPartOf\":{\"@id\":\"https:\/\/www.agriturismomedicina.it\/#website\"},\"datePublished\":\"2015-06-14T22:42:25+00:00\",\"dateModified\":\"2015-06-25T07:50:46+00:00\",\"breadcrumb\":{\"@id\":\"https:\/\/www.agriturismomedicina.it\/de\/bauernhof-zu-lucca\/#breadcrumb\"},\"inLanguage\":\"de\",\"potentialAction\":[{\"@type\":\"ReadAction\",\"target\":[\"https:\/\/www.agriturismomedicina.it\/de\/bauernhof-zu-lucca\/\"]}]},{\"@type\":\"BreadcrumbList\",\"@id\":\"https:\/\/www.agriturismomedicina.it\/de\/bauernhof-zu-lucca\/#breadcrumb\",\"itemListElement\":[{\"@type\":\"ListItem\",\"position\":1,\"name\":\"Home\",\"item\":\"https:\/\/www.agriturismomedicina.it\/de\/\"},{\"@type\":\"ListItem\",\"position\":2,\"name\":\"Bauernhof zu Lucca\"}]},{\"@type\":\"WebSite\",\"@id\":\"https:\/\/www.agriturismomedicina.it\/#website\",\"url\":\"https:\/\/www.agriturismomedicina.it\/\",\"name\":\"Agriturismo di Medicina\",\"description\":\"Agriturismo a Pescia\",\"potentialAction\":[{\"@type\":\"SearchAction\",\"target\":{\"@type\":\"EntryPoint\",\"urlTemplate\":\"https:\/\/www.agriturismomedicina.it\/?s={search_term_string}\"},\"query-input\":\"required name=search_term_string\"}],\"inLanguage\":\"de\"}]}<\/script>\n<!-- \/ Yoast SEO plugin. -->","yoast_head_json":{"title":"Bauernhof zu Lucca - Agriturismo di Medicina","robots":{"index":"index","follow":"follow","max-snippet":"max-snippet:-1","max-image-preview":"max-image-preview:large","max-video-preview":"max-video-preview:-1"},"canonical":"https:\/\/www.agriturismomedicina.it\/de\/bauernhof-zu-lucca\/","og_locale":"de_DE","og_type":"article","og_title":"Bauernhof zu Lucca - Agriturismo di Medicina","og_url":"https:\/\/www.agriturismomedicina.it\/de\/bauernhof-zu-lucca\/","og_site_name":"Agriturismo di Medicina","article_modified_time":"2015-06-25T07:50:46+00:00","og_image":[{"url":"http:\/\/www.agriturismomedicina.it\/wp-content\/uploads\/2015\/06\/lucca.jpg"}],"twitter_card":"summary","twitter_misc":{"Gesch\u00e4tzte Lesezeit":"1\u00a0Minute"},"schema":{"@context":"https:\/\/schema.org","@graph":[{"@type":"WebPage","@id":"https:\/\/www.agriturismomedicina.it\/de\/bauernhof-zu-lucca\/","url":"https:\/\/www.agriturismomedicina.it\/de\/bauernhof-zu-lucca\/","name":"Bauernhof zu Lucca - Agriturismo di Medicina","isPartOf":{"@id":"https:\/\/www.agriturismomedicina.it\/#website"},"datePublished":"2015-06-14T22:42:25+00:00","dateModified":"2015-06-25T07:50:46+00:00","breadcrumb":{"@id":"https:\/\/www.agriturismomedicina.it\/de\/bauernhof-zu-lucca\/#breadcrumb"},"inLanguage":"de","potentialAction":[{"@type":"ReadAction","target":["https:\/\/www.agriturismomedicina.it\/de\/bauernhof-zu-lucca\/"]}]},{"@type":"BreadcrumbList","@id":"https:\/\/www.agriturismomedicina.it\/de\/bauernhof-zu-lucca\/#breadcrumb","itemListElement":[{"@type":"ListItem","position":1,"name":"Home","item":"https:\/\/www.agriturismomedicina.it\/de\/"},{"@type":"ListItem","position":2,"name":"Bauernhof zu Lucca"}]},{"@type":"WebSite","@id":"https:\/\/www.agriturismomedicina.it\/#website","url":"https:\/\/www.agriturismomedicina.it\/","name":"Agriturismo di Medicina","description":"Agriturismo a Pescia","potentialAction":[{"@type":"SearchAction","target":{"@type":"EntryPoint","urlTemplate":"https:\/\/www.agriturismomedicina.it\/?s={search_term_string}"},"query-input":"required name=search_term_string"}],"inLanguage":"de"}]}},"_links":{"self":[{"href":"https:\/\/www.agriturismomedicina.it\/de\/wp-json\/wp\/v2\/pages\/2559"}],"collection":[{"href":"https:\/\/www.agriturismomedicina.it\/de\/wp-json\/wp\/v2\/pages"}],"about":[{"href":"https:\/\/www.agriturismomedicina.it\/de\/wp-json\/wp\/v2\/types\/page"}],"author":[{"embeddable":true,"href":"https:\/\/www.agriturismomedicina.it\/de\/wp-json\/wp\/v2\/users\/1"}],"replies":[{"embeddable":true,"href":"https:\/\/www.agriturismomedicina.it\/de\/wp-json\/wp\/v2\/comments?post=2559"}],"version-history":[{"count":0,"href":"https:\/\/www.agriturismomedicina.it\/de\/wp-json\/wp\/v2\/pages\/2559\/revisions"}],"wp:attachment":[{"href":"https:\/\/www.agriturismomedicina.it\/de\/wp-json\/wp\/v2\/media?parent=2559"}],"curies":[{"name":"wp","href":"https:\/\/api.w.org\/{rel}","templated":true}]}}