{"id":2551,"date":"2015-06-14T22:28:42","date_gmt":"2015-06-14T22:28:42","guid":{"rendered":"http:\/\/www.agriturismomedicina.it\/?page_id=2551"},"modified":"2015-06-25T07:51:08","modified_gmt":"2015-06-25T07:51:08","slug":"bauernhof-zu-collodi","status":"publish","type":"page","link":"https:\/\/www.agriturismomedicina.it\/de\/bauernhof\/bauernhof-zu-collodi\/","title":{"rendered":"Bauernhof zu Collodi"},"content":{"rendered":"<div id=\"attachment_2435\" style=\"width: 160px\" class=\"wp-caption alignright\"><a href=\"http:\/\/www.agriturismomedicina.it\/http:\/\/www.agriturismomedicina.it\/wp-content\/uploads\/2017\/09\/Parco_di_pinocchio_23_la_capretta_e_il_grande_pescecane_02.jpg\"><img aria-describedby=\"caption-attachment-2435\" loading=\"lazy\" class=\"wp-image-2435 size-thumbnail\" src=\"http:\/\/www.agriturismomedicina.it\/wp-content\/uploads\/2015\/06\/pf-collodi-gallery05-150x150.jpg\" alt=\"Pinocchio park\" width=\"150\" height=\"150\" \/><\/a><p id=\"caption-attachment-2435\" class=\"wp-caption-text\">Pinocchio park<\/p><\/div>\n<p style=\"text-align: justify;\"><h2>Bauernhof zu Collodi<\/h2>\u00a0<span id=\"result_box\" lang=\"en\" tabindex=\"-1\">Jeder kennt die Fabel von der Marionette <strong>Pinocchio.<\/strong> Sein Designer <strong>Carlo Lorenzini<\/strong> hat sich <strong>Collodi<\/strong> mit dem ber\u00fchmten <strong>Namen.<\/strong> Das Heimatdorf ist <strong>Pescia<\/strong> liegt nur wenige Kilometer <strong>von.<\/strong> Collodi sowie Pr\u00e4sentation der ber\u00fchmten Sehensw\u00fcrdigkeit <strong>Park von Pinocchio,<\/strong> hat sich auch Orange City, ausgezeichnet mit dem <strong>Orange Flagge<\/strong> des <strong>italienischen Touring Club.<\/strong> Unbedingt besichtigen den Garten der <strong>Villa Garzoni.<\/strong><\/span><\/p>\n<p>\u00a0 <iframe loading=\"lazy\" style=\"width: 100%; height: 300px;\" src=\"https:\/\/www.google.com\/maps\/embed?pb=!1m28!1m12!1m3!1d45986.06139000453!2d10.636910059703943!3d43.915306641100365!2m3!1f0!2f0!3f0!3m2!1i1024!2i768!4f13.1!4m13!3e0!4m5!1s0x132a811ba3fabb6b%3A0xd2400fb26b171153!2sStrada+Comunale+Medicina+Pietrabuona%2C+22%2C+51017+Medicina+PT!3m2!1d43.942877499999994!2d10.6792457!4m5!1s0x132a7fd9d3bd2705%3A0xef9d88bdb8db7c7e!2sParco+di+Pinocchio%2C+Via+San+Gennaro%2C+6%2C+Collodi%2C+Pescia+PT!3m2!1d43.899042!2d10.652894!5e0!3m2!1sit!2sit!4v1433932043460\" width=\"300\" height=\"150\" frameborder=\"0\"><\/iframe> <div class=\"divider type_1\"><\/div> \u00a0 <div class=\"one_third\"><a href=\"\/de\/bauernhof-zu-lucca\/\" target=\"_self\" style=\"color: #81c149; \" class=\"btn btnluca btn-large\">Bauernhof zu Lucca<\/a><\/div> <div class=\"one_third\"><a href=\"\/de\/bauernhof-zu-pisa\/\" target=\"_self\" style=\"color: #81c149; \" class=\"btn btnluca btn-large\">Bauernhof zu Pisa<\/a><\/div> <div class=\"one_third column-last\"><a href=\"\/de\/bauernhof-zu-florenz\/\" target=\"_self\" style=\"color: #81c149; \" class=\"btn btnluca btn-large\">Bauernhof zu Florenz<\/a><\/div>\n\t\t\t<div class=\"clearer\"><\/div>\n","protected":false},"excerpt":{"rendered":"<p>\u00a0Jeder kennt die Fabel von der Marionette Pinocchio. Sein Designer Carlo Lorenzini hat sich Collodi mit dem ber\u00fchmten Namen. Das Heimatdorf ist Pescia liegt nur wenige Kilometer von. Collodi sowie Pr\u00e4sentation der ber\u00fchmten Sehensw\u00fcrdigkeit Park von Pinocchio, hat sich &hellip; <\/p>\n<p><a href=\"https:\/\/www.agriturismomedicina.it\/de\/bauernhof\/bauernhof-zu-collodi\/\" class=\"read_more_link\">Mehr<\/a><\/p>\n","protected":false},"author":1,"featured_media":2330,"parent":2640,"menu_order":0,"comment_status":"open","ping_status":"closed","template":"template-with-slitslider.php","meta":{"_expiration-date-status":"","_expiration-date":0,"_expiration-date-type":"","_expiration-date-categories":[],"_expiration-date-options":[]},"yoast_head":"<!-- This site is optimized with the Yoast SEO plugin v19.7.1 - https:\/\/yoast.com\/wordpress\/plugins\/seo\/ -->\n<title>Bauernhof zu Collodi - Agriturismo di Medicina<\/title>\n<meta name=\"robots\" content=\"index, follow, max-snippet:-1, max-image-preview:large, max-video-preview:-1\" \/>\n<link rel=\"canonical\" href=\"https:\/\/www.agriturismomedicina.it\/de\/bauernhof\/bauernhof-zu-collodi\/\" \/>\n<meta property=\"og:locale\" content=\"de_DE\" \/>\n<meta property=\"og:type\" content=\"article\" \/>\n<meta property=\"og:title\" content=\"Bauernhof zu Collodi - Agriturismo di Medicina\" \/>\n<meta property=\"og:description\" content=\"\u00a0Jeder kennt die Fabel von der Marionette Pinocchio. Sein Designer Carlo Lorenzini hat sich Collodi mit dem ber\u00fchmten Namen. Das Heimatdorf ist Pescia liegt nur wenige Kilometer von. Collodi sowie Pr\u00e4sentation der ber\u00fchmten Sehensw\u00fcrdigkeit Park von Pinocchio, hat sich &hellip; Mehr\" \/>\n<meta property=\"og:url\" content=\"https:\/\/www.agriturismomedicina.it\/de\/bauernhof\/bauernhof-zu-collodi\/\" \/>\n<meta property=\"og:site_name\" content=\"Agriturismo di Medicina\" \/>\n<meta property=\"article:modified_time\" content=\"2015-06-25T07:51:08+00:00\" \/>\n<meta property=\"og:image\" content=\"https:\/\/www.agriturismomedicina.it\/wp-content\/uploads\/2013\/06\/collodi.jpg\" \/>\n\t<meta property=\"og:image:width\" content=\"960\" \/>\n\t<meta property=\"og:image:height\" content=\"638\" \/>\n\t<meta property=\"og:image:type\" content=\"image\/jpeg\" \/>\n<meta name=\"twitter:card\" content=\"summary\" \/>\n<meta name=\"twitter:label1\" content=\"Gesch\u00e4tzte Lesezeit\" \/>\n\t<meta name=\"twitter:data1\" content=\"1\u00a0Minute\" \/>\n<script type=\"application\/ld+json\" class=\"yoast-schema-graph\">{\"@context\":\"https:\/\/schema.org\",\"@graph\":[{\"@type\":\"WebPage\",\"@id\":\"https:\/\/www.agriturismomedicina.it\/de\/bauernhof\/bauernhof-zu-collodi\/\",\"url\":\"https:\/\/www.agriturismomedicina.it\/de\/bauernhof\/bauernhof-zu-collodi\/\",\"name\":\"Bauernhof zu Collodi - Agriturismo di Medicina\",\"isPartOf\":{\"@id\":\"https:\/\/www.agriturismomedicina.it\/#website\"},\"datePublished\":\"2015-06-14T22:28:42+00:00\",\"dateModified\":\"2015-06-25T07:51:08+00:00\",\"breadcrumb\":{\"@id\":\"https:\/\/www.agriturismomedicina.it\/de\/bauernhof\/bauernhof-zu-collodi\/#breadcrumb\"},\"inLanguage\":\"de\",\"potentialAction\":[{\"@type\":\"ReadAction\",\"target\":[\"https:\/\/www.agriturismomedicina.it\/de\/bauernhof\/bauernhof-zu-collodi\/\"]}]},{\"@type\":\"BreadcrumbList\",\"@id\":\"https:\/\/www.agriturismomedicina.it\/de\/bauernhof\/bauernhof-zu-collodi\/#breadcrumb\",\"itemListElement\":[{\"@type\":\"ListItem\",\"position\":1,\"name\":\"Home\",\"item\":\"https:\/\/www.agriturismomedicina.it\/de\/\"},{\"@type\":\"ListItem\",\"position\":2,\"name\":\"bauernhof\",\"item\":\"https:\/\/www.agriturismomedicina.it\/de\/bauernhof\/\"},{\"@type\":\"ListItem\",\"position\":3,\"name\":\"Bauernhof zu Collodi\"}]},{\"@type\":\"WebSite\",\"@id\":\"https:\/\/www.agriturismomedicina.it\/#website\",\"url\":\"https:\/\/www.agriturismomedicina.it\/\",\"name\":\"Agriturismo di Medicina\",\"description\":\"Agriturismo a Pescia\",\"potentialAction\":[{\"@type\":\"SearchAction\",\"target\":{\"@type\":\"EntryPoint\",\"urlTemplate\":\"https:\/\/www.agriturismomedicina.it\/?s={search_term_string}\"},\"query-input\":\"required name=search_term_string\"}],\"inLanguage\":\"de\"}]}<\/script>\n<!-- \/ Yoast SEO plugin. -->","yoast_head_json":{"title":"Bauernhof zu Collodi - Agriturismo di Medicina","robots":{"index":"index","follow":"follow","max-snippet":"max-snippet:-1","max-image-preview":"max-image-preview:large","max-video-preview":"max-video-preview:-1"},"canonical":"https:\/\/www.agriturismomedicina.it\/de\/bauernhof\/bauernhof-zu-collodi\/","og_locale":"de_DE","og_type":"article","og_title":"Bauernhof zu Collodi - Agriturismo di Medicina","og_description":"\u00a0Jeder kennt die Fabel von der Marionette Pinocchio. Sein Designer Carlo Lorenzini hat sich Collodi mit dem ber\u00fchmten Namen. Das Heimatdorf ist Pescia liegt nur wenige Kilometer von. Collodi sowie Pr\u00e4sentation der ber\u00fchmten Sehensw\u00fcrdigkeit Park von Pinocchio, hat sich &hellip; Mehr","og_url":"https:\/\/www.agriturismomedicina.it\/de\/bauernhof\/bauernhof-zu-collodi\/","og_site_name":"Agriturismo di Medicina","article_modified_time":"2015-06-25T07:51:08+00:00","og_image":[{"width":960,"height":638,"url":"https:\/\/www.agriturismomedicina.it\/wp-content\/uploads\/2013\/06\/collodi.jpg","type":"image\/jpeg"}],"twitter_card":"summary","twitter_misc":{"Gesch\u00e4tzte Lesezeit":"1\u00a0Minute"},"schema":{"@context":"https:\/\/schema.org","@graph":[{"@type":"WebPage","@id":"https:\/\/www.agriturismomedicina.it\/de\/bauernhof\/bauernhof-zu-collodi\/","url":"https:\/\/www.agriturismomedicina.it\/de\/bauernhof\/bauernhof-zu-collodi\/","name":"Bauernhof zu Collodi - Agriturismo di Medicina","isPartOf":{"@id":"https:\/\/www.agriturismomedicina.it\/#website"},"datePublished":"2015-06-14T22:28:42+00:00","dateModified":"2015-06-25T07:51:08+00:00","breadcrumb":{"@id":"https:\/\/www.agriturismomedicina.it\/de\/bauernhof\/bauernhof-zu-collodi\/#breadcrumb"},"inLanguage":"de","potentialAction":[{"@type":"ReadAction","target":["https:\/\/www.agriturismomedicina.it\/de\/bauernhof\/bauernhof-zu-collodi\/"]}]},{"@type":"BreadcrumbList","@id":"https:\/\/www.agriturismomedicina.it\/de\/bauernhof\/bauernhof-zu-collodi\/#breadcrumb","itemListElement":[{"@type":"ListItem","position":1,"name":"Home","item":"https:\/\/www.agriturismomedicina.it\/de\/"},{"@type":"ListItem","position":2,"name":"bauernhof","item":"https:\/\/www.agriturismomedicina.it\/de\/bauernhof\/"},{"@type":"ListItem","position":3,"name":"Bauernhof zu Collodi"}]},{"@type":"WebSite","@id":"https:\/\/www.agriturismomedicina.it\/#website","url":"https:\/\/www.agriturismomedicina.it\/","name":"Agriturismo di Medicina","description":"Agriturismo a Pescia","potentialAction":[{"@type":"SearchAction","target":{"@type":"EntryPoint","urlTemplate":"https:\/\/www.agriturismomedicina.it\/?s={search_term_string}"},"query-input":"required name=search_term_string"}],"inLanguage":"de"}]}},"_links":{"self":[{"href":"https:\/\/www.agriturismomedicina.it\/de\/wp-json\/wp\/v2\/pages\/2551"}],"collection":[{"href":"https:\/\/www.agriturismomedicina.it\/de\/wp-json\/wp\/v2\/pages"}],"about":[{"href":"https:\/\/www.agriturismomedicina.it\/de\/wp-json\/wp\/v2\/types\/page"}],"author":[{"embeddable":true,"href":"https:\/\/www.agriturismomedicina.it\/de\/wp-json\/wp\/v2\/users\/1"}],"replies":[{"embeddable":true,"href":"https:\/\/www.agriturismomedicina.it\/de\/wp-json\/wp\/v2\/comments?post=2551"}],"version-history":[{"count":0,"href":"https:\/\/www.agriturismomedicina.it\/de\/wp-json\/wp\/v2\/pages\/2551\/revisions"}],"up":[{"embeddable":true,"href":"https:\/\/www.agriturismomedicina.it\/de\/wp-json\/wp\/v2\/pages\/2640"}],"wp:featuredmedia":[{"embeddable":true,"href":"https:\/\/www.agriturismomedicina.it\/de\/wp-json\/wp\/v2\/media\/2330"}],"wp:attachment":[{"href":"https:\/\/www.agriturismomedicina.it\/de\/wp-json\/wp\/v2\/media?parent=2551"}],"curies":[{"name":"wp","href":"https:\/\/api.w.org\/{rel}","templated":true}]}}