{"id":2547,"date":"2015-06-14T22:20:21","date_gmt":"2015-06-14T22:20:21","guid":{"rendered":"http:\/\/www.agriturismomedicina.it\/?page_id=2547"},"modified":"2015-06-25T07:50:31","modified_gmt":"2015-06-25T07:50:31","slug":"toskanischen-typischen-produkt","status":"publish","type":"page","link":"https:\/\/www.agriturismomedicina.it\/de\/toskanischen-typischen-produkt\/","title":{"rendered":"Toskanischen typischen Produkt"},"content":{"rendered":"<div class=\"three_fourths\"><p style=\"text-align: justify;\"><h2>T<span id=\"result_box\" class=\"short_text\" lang=\"de\" tabindex=\"-1\"><span class=\"hps\">oskanischen<\/span> <span class=\"hps\">typischen Produkt<\/span><\/span><\/h2> Der Landwirtschaftsbetrieb erzeugt \u00d6l, Wein, Gem\u00fcse, Honig und Kastanienmehl. .<\/p>\n<p style=\"text-align: justify;\">Alle Erzeugnisse, und insbesonders extrareines Oliven\u00f6l und Wein, k\u00f6nnen auch w\u00e4hrend Ihres Aufenthaltes verkostet werden.<\/div>\n<div class=\"one_fourth column-last\"><div id=\"attachment_2409\" style=\"width: 610px\" class=\"wp-caption alignnone\"><a href=\"http:\/\/www.agriturismomedicina.it\/wp-content\/uploads\/2015\/06\/food_oliveoil_reduced.jpg\"><img aria-describedby=\"caption-attachment-2409\" loading=\"lazy\" class=\"wp-image-2409 size-full\" src=\"http:\/\/www.agriturismomedicina.it\/wp-content\/uploads\/2015\/06\/food_oliveoil_reduced.jpg\" alt=\"Toskanischen extra natives Oliven \u00d6l\" width=\"600\" height=\"600\" srcset=\"https:\/\/www.agriturismomedicina.it\/wp-content\/uploads\/2015\/06\/food_oliveoil_reduced.jpg 600w, https:\/\/www.agriturismomedicina.it\/wp-content\/uploads\/2015\/06\/food_oliveoil_reduced-150x150.jpg 150w, https:\/\/www.agriturismomedicina.it\/wp-content\/uploads\/2015\/06\/food_oliveoil_reduced-300x300.jpg 300w, https:\/\/www.agriturismomedicina.it\/wp-content\/uploads\/2015\/06\/food_oliveoil_reduced-270x270.jpg 270w, https:\/\/www.agriturismomedicina.it\/wp-content\/uploads\/2015\/06\/food_oliveoil_reduced-125x125.jpg 125w, https:\/\/www.agriturismomedicina.it\/wp-content\/uploads\/2015\/06\/food_oliveoil_reduced-70x70.jpg 70w\" sizes=\"(max-width: 600px) 100vw, 600px\" \/><\/a><p id=\"caption-attachment-2409\" class=\"wp-caption-text\">Toskanischen extra natives Oliven \u00d6l<\/p><\/div><\/div>\n\t\t\t<div class=\"clearer\"><\/div> <div class=\"one_fourth\"><div id=\"attachment_2410\" style=\"width: 610px\" class=\"wp-caption alignnone\"><a href=\"http:\/\/www.agriturismomedicina.it\/wp-content\/uploads\/2015\/06\/Vini-costosi-toscani.jpg\"><img aria-describedby=\"caption-attachment-2410\" loading=\"lazy\" class=\"wp-image-2410 size-full\" src=\"http:\/\/www.agriturismomedicina.it\/wp-content\/uploads\/2015\/06\/Vini-costosi-toscani.jpg\" alt=\"Toskana Wein\" width=\"600\" height=\"600\" srcset=\"https:\/\/www.agriturismomedicina.it\/wp-content\/uploads\/2015\/06\/Vini-costosi-toscani.jpg 600w, https:\/\/www.agriturismomedicina.it\/wp-content\/uploads\/2015\/06\/Vini-costosi-toscani-150x150.jpg 150w, https:\/\/www.agriturismomedicina.it\/wp-content\/uploads\/2015\/06\/Vini-costosi-toscani-300x300.jpg 300w, https:\/\/www.agriturismomedicina.it\/wp-content\/uploads\/2015\/06\/Vini-costosi-toscani-270x270.jpg 270w, https:\/\/www.agriturismomedicina.it\/wp-content\/uploads\/2015\/06\/Vini-costosi-toscani-125x125.jpg 125w, https:\/\/www.agriturismomedicina.it\/wp-content\/uploads\/2015\/06\/Vini-costosi-toscani-70x70.jpg 70w\" sizes=\"(max-width: 600px) 100vw, 600px\" \/><\/a><p id=\"caption-attachment-2410\" class=\"wp-caption-text\">Toskana Wein<\/p><\/div><\/div> <div class=\"three_fourths column-last\"><p style=\"text-align: justify;\"><h2><span id=\"result_box\" class=\"short_text\" lang=\"de\" tabindex=\"-1\"><span class=\"hps\">toskanischen<\/span> <span class=\"hps\">typischen Gerichten<\/span><\/span><\/h2> In den W\u00e4ldern der Umgebung gibt es reichlich Esskastanien, N\u00fcsse, Heidelbeeren, Brombeeren, Himbeeren, Kirschen, Haseln\u00fcsse und viele andere Waldfr\u00fcchte.<\/p>\n<p style=\"text-align: justify;\">Toskana wein<\/div>\n\t\t\t<div class=\"clearer\"><\/div>\n<p><div class=\"divider type_1\"><\/div> \n<div class=\"clearfix\"><\/div><\/p>\n","protected":false},"excerpt":{"rendered":"","protected":false},"author":1,"featured_media":0,"parent":0,"menu_order":0,"comment_status":"open","ping_status":"open","template":"template-with-slitslider.php","meta":{"_expiration-date-status":"","_expiration-date":0,"_expiration-date-type":"","_expiration-date-categories":[],"_expiration-date-options":[]},"yoast_head":"<!-- This site is optimized with the Yoast SEO plugin v19.7.1 - https:\/\/yoast.com\/wordpress\/plugins\/seo\/ -->\n<title>Toskanischen typischen Produkt - Agriturismo di Medicina<\/title>\n<meta name=\"robots\" content=\"index, follow, max-snippet:-1, max-image-preview:large, max-video-preview:-1\" \/>\n<link rel=\"canonical\" href=\"https:\/\/www.agriturismomedicina.it\/de\/toskanischen-typischen-produkt\/\" \/>\n<meta property=\"og:locale\" content=\"de_DE\" \/>\n<meta property=\"og:type\" content=\"article\" \/>\n<meta property=\"og:title\" content=\"Toskanischen typischen Produkt - Agriturismo di Medicina\" \/>\n<meta property=\"og:url\" content=\"https:\/\/www.agriturismomedicina.it\/de\/toskanischen-typischen-produkt\/\" \/>\n<meta property=\"og:site_name\" content=\"Agriturismo di Medicina\" \/>\n<meta property=\"article:modified_time\" content=\"2015-06-25T07:50:31+00:00\" \/>\n<meta property=\"og:image\" content=\"http:\/\/www.agriturismomedicina.it\/wp-content\/uploads\/2015\/06\/food_oliveoil_reduced.jpg\" \/>\n<meta name=\"twitter:card\" content=\"summary\" \/>\n<meta name=\"twitter:label1\" content=\"Gesch\u00e4tzte Lesezeit\" \/>\n\t<meta name=\"twitter:data1\" content=\"1\u00a0Minute\" \/>\n<script type=\"application\/ld+json\" class=\"yoast-schema-graph\">{\"@context\":\"https:\/\/schema.org\",\"@graph\":[{\"@type\":\"WebPage\",\"@id\":\"https:\/\/www.agriturismomedicina.it\/de\/toskanischen-typischen-produkt\/\",\"url\":\"https:\/\/www.agriturismomedicina.it\/de\/toskanischen-typischen-produkt\/\",\"name\":\"Toskanischen typischen Produkt - Agriturismo di Medicina\",\"isPartOf\":{\"@id\":\"https:\/\/www.agriturismomedicina.it\/#website\"},\"datePublished\":\"2015-06-14T22:20:21+00:00\",\"dateModified\":\"2015-06-25T07:50:31+00:00\",\"breadcrumb\":{\"@id\":\"https:\/\/www.agriturismomedicina.it\/de\/toskanischen-typischen-produkt\/#breadcrumb\"},\"inLanguage\":\"de\",\"potentialAction\":[{\"@type\":\"ReadAction\",\"target\":[\"https:\/\/www.agriturismomedicina.it\/de\/toskanischen-typischen-produkt\/\"]}]},{\"@type\":\"BreadcrumbList\",\"@id\":\"https:\/\/www.agriturismomedicina.it\/de\/toskanischen-typischen-produkt\/#breadcrumb\",\"itemListElement\":[{\"@type\":\"ListItem\",\"position\":1,\"name\":\"Home\",\"item\":\"https:\/\/www.agriturismomedicina.it\/de\/\"},{\"@type\":\"ListItem\",\"position\":2,\"name\":\"Toskanischen typischen Produkt\"}]},{\"@type\":\"WebSite\",\"@id\":\"https:\/\/www.agriturismomedicina.it\/#website\",\"url\":\"https:\/\/www.agriturismomedicina.it\/\",\"name\":\"Agriturismo di Medicina\",\"description\":\"Agriturismo a Pescia\",\"potentialAction\":[{\"@type\":\"SearchAction\",\"target\":{\"@type\":\"EntryPoint\",\"urlTemplate\":\"https:\/\/www.agriturismomedicina.it\/?s={search_term_string}\"},\"query-input\":\"required name=search_term_string\"}],\"inLanguage\":\"de\"}]}<\/script>\n<!-- \/ Yoast SEO plugin. -->","yoast_head_json":{"title":"Toskanischen typischen Produkt - Agriturismo di Medicina","robots":{"index":"index","follow":"follow","max-snippet":"max-snippet:-1","max-image-preview":"max-image-preview:large","max-video-preview":"max-video-preview:-1"},"canonical":"https:\/\/www.agriturismomedicina.it\/de\/toskanischen-typischen-produkt\/","og_locale":"de_DE","og_type":"article","og_title":"Toskanischen typischen Produkt - Agriturismo di Medicina","og_url":"https:\/\/www.agriturismomedicina.it\/de\/toskanischen-typischen-produkt\/","og_site_name":"Agriturismo di Medicina","article_modified_time":"2015-06-25T07:50:31+00:00","og_image":[{"url":"http:\/\/www.agriturismomedicina.it\/wp-content\/uploads\/2015\/06\/food_oliveoil_reduced.jpg"}],"twitter_card":"summary","twitter_misc":{"Gesch\u00e4tzte Lesezeit":"1\u00a0Minute"},"schema":{"@context":"https:\/\/schema.org","@graph":[{"@type":"WebPage","@id":"https:\/\/www.agriturismomedicina.it\/de\/toskanischen-typischen-produkt\/","url":"https:\/\/www.agriturismomedicina.it\/de\/toskanischen-typischen-produkt\/","name":"Toskanischen typischen Produkt - Agriturismo di Medicina","isPartOf":{"@id":"https:\/\/www.agriturismomedicina.it\/#website"},"datePublished":"2015-06-14T22:20:21+00:00","dateModified":"2015-06-25T07:50:31+00:00","breadcrumb":{"@id":"https:\/\/www.agriturismomedicina.it\/de\/toskanischen-typischen-produkt\/#breadcrumb"},"inLanguage":"de","potentialAction":[{"@type":"ReadAction","target":["https:\/\/www.agriturismomedicina.it\/de\/toskanischen-typischen-produkt\/"]}]},{"@type":"BreadcrumbList","@id":"https:\/\/www.agriturismomedicina.it\/de\/toskanischen-typischen-produkt\/#breadcrumb","itemListElement":[{"@type":"ListItem","position":1,"name":"Home","item":"https:\/\/www.agriturismomedicina.it\/de\/"},{"@type":"ListItem","position":2,"name":"Toskanischen typischen Produkt"}]},{"@type":"WebSite","@id":"https:\/\/www.agriturismomedicina.it\/#website","url":"https:\/\/www.agriturismomedicina.it\/","name":"Agriturismo di Medicina","description":"Agriturismo a Pescia","potentialAction":[{"@type":"SearchAction","target":{"@type":"EntryPoint","urlTemplate":"https:\/\/www.agriturismomedicina.it\/?s={search_term_string}"},"query-input":"required name=search_term_string"}],"inLanguage":"de"}]}},"_links":{"self":[{"href":"https:\/\/www.agriturismomedicina.it\/de\/wp-json\/wp\/v2\/pages\/2547"}],"collection":[{"href":"https:\/\/www.agriturismomedicina.it\/de\/wp-json\/wp\/v2\/pages"}],"about":[{"href":"https:\/\/www.agriturismomedicina.it\/de\/wp-json\/wp\/v2\/types\/page"}],"author":[{"embeddable":true,"href":"https:\/\/www.agriturismomedicina.it\/de\/wp-json\/wp\/v2\/users\/1"}],"replies":[{"embeddable":true,"href":"https:\/\/www.agriturismomedicina.it\/de\/wp-json\/wp\/v2\/comments?post=2547"}],"version-history":[{"count":0,"href":"https:\/\/www.agriturismomedicina.it\/de\/wp-json\/wp\/v2\/pages\/2547\/revisions"}],"wp:attachment":[{"href":"https:\/\/www.agriturismomedicina.it\/de\/wp-json\/wp\/v2\/media?parent=2547"}],"curies":[{"name":"wp","href":"https:\/\/api.w.org\/{rel}","templated":true}]}}