{"id":2535,"date":"2015-06-14T21:59:54","date_gmt":"2015-06-14T21:59:54","guid":{"rendered":"http:\/\/www.agriturismomedicina.it\/?page_id=2535"},"modified":"2015-06-25T07:50:25","modified_gmt":"2015-06-25T07:50:25","slug":"wohnungen-pescia","status":"publish","type":"page","link":"https:\/\/www.agriturismomedicina.it\/de\/bauernhof\/wohnungen-pescia\/","title":{"rendered":"Wohnungen Pescia"},"content":{"rendered":"<div class=\"three_fourths\"><h2>Wohnungen Pescia<\/h2><\/p>\n<p style=\"text-align: justify;\">Aus dem Bauernhaus des Betriebes wurden vier Unterk\u00fcnfte f\u00fcr einen Aufenthalt auf dem Bauernhof geschaffen. Diese Wohnungen k\u00f6nnen einzeln oder auch doppelt vermietet werden, da sie miteinander kommunizieren.<br \/>\nDie vier Wohnungen mit separatem Eingang unterscheiden sich durch die Farbbezeichnungen, die ausschlaggebend f\u00fcr ihre Einrichtung sind, die schlicht, rustikal, aber sehr gem\u00fctlich ist.<\/div>\n<div class=\"one_fourth column-last\"><div id=\"attachment_2381\" style=\"width: 910px\" class=\"wp-caption alignnone\"><a href=\"http:\/\/www.agriturismomedicina.it\/wp-content\/uploads\/2015\/06\/salotto-verde.jpg\"><img aria-describedby=\"caption-attachment-2381\" loading=\"lazy\" class=\"wp-image-2381 size-large\" src=\"http:\/\/www.agriturismomedicina.it\/wp-content\/uploads\/2015\/06\/salotto-verde-1024x1024.jpg\" alt=\"Wohnungen Pescia\" width=\"900\" height=\"900\" srcset=\"https:\/\/www.agriturismomedicina.it\/wp-content\/uploads\/2015\/06\/salotto-verde-1024x1024.jpg 1024w, https:\/\/www.agriturismomedicina.it\/wp-content\/uploads\/2015\/06\/salotto-verde-150x150.jpg 150w, https:\/\/www.agriturismomedicina.it\/wp-content\/uploads\/2015\/06\/salotto-verde-300x300.jpg 300w, https:\/\/www.agriturismomedicina.it\/wp-content\/uploads\/2015\/06\/salotto-verde-270x270.jpg 270w, https:\/\/www.agriturismomedicina.it\/wp-content\/uploads\/2015\/06\/salotto-verde-125x125.jpg 125w, https:\/\/www.agriturismomedicina.it\/wp-content\/uploads\/2015\/06\/salotto-verde-70x70.jpg 70w, https:\/\/www.agriturismomedicina.it\/wp-content\/uploads\/2015\/06\/salotto-verde.jpg 1200w\" sizes=\"(max-width: 900px) 100vw, 900px\" \/><\/a><p id=\"caption-attachment-2381\" class=\"wp-caption-text\">Wohnungen Pescia<\/p><\/div><\/div>\n\t\t\t<div class=\"clearer\"><\/div> <div class=\"one_fourth\"><div id=\"attachment_2382\" style=\"width: 910px\" class=\"wp-caption alignnone\"><a href=\"http:\/\/www.agriturismomedicina.it\/wp-content\/uploads\/2015\/06\/camera-verde.jpg\"><img aria-describedby=\"caption-attachment-2382\" loading=\"lazy\" class=\"wp-image-2382 size-large\" src=\"http:\/\/www.agriturismomedicina.it\/wp-content\/uploads\/2015\/06\/camera-verde-1024x1024.jpg\" alt=\"Wohnungen Valdinievole\" width=\"900\" height=\"900\" srcset=\"https:\/\/www.agriturismomedicina.it\/wp-content\/uploads\/2015\/06\/camera-verde-1024x1024.jpg 1024w, https:\/\/www.agriturismomedicina.it\/wp-content\/uploads\/2015\/06\/camera-verde-150x150.jpg 150w, https:\/\/www.agriturismomedicina.it\/wp-content\/uploads\/2015\/06\/camera-verde-300x300.jpg 300w, https:\/\/www.agriturismomedicina.it\/wp-content\/uploads\/2015\/06\/camera-verde-270x270.jpg 270w, https:\/\/www.agriturismomedicina.it\/wp-content\/uploads\/2015\/06\/camera-verde-125x125.jpg 125w, https:\/\/www.agriturismomedicina.it\/wp-content\/uploads\/2015\/06\/camera-verde-70x70.jpg 70w, https:\/\/www.agriturismomedicina.it\/wp-content\/uploads\/2015\/06\/camera-verde.jpg 1200w\" sizes=\"(max-width: 900px) 100vw, 900px\" \/><\/a><p id=\"caption-attachment-2382\" class=\"wp-caption-text\">Wohnungen Valdinievole<\/p><\/div><\/div> <div class=\"three_fourths column-last\"><h2>Wohnungen Valdinievole<\/h2><\/p>\n<p style=\"text-align: justify;\">EJede Wohnung ist separat und f\u00fcr zwei Personen konzipiert; weitere Betten k\u00f6nnen aufgestellt werden; bis zu 5 f\u00fcr die erste Wohnung, und bis zu 9 f\u00fcr zwei kommunizierende Wohnungen; sie umfassen Schlafzimmer, Badezimmer und Wohnzimmer. Im Wohnzimmer ist eine Kochnische mit Gasherd, Mikrowelle, K\u00fchlschrank, Tiefk\u00fchlschrank und TV.<\/div>\n\t\t\t<div class=\"clearer\"><\/div>\n<div class=\"divider type_1\"><\/div>\n<p style=\"text-align: justify;\">Zu den verschiedenen Wohnungen geh\u00f6rt ein Raum, der als Waschraum mit den zugeh\u00f6rigen Haushaltger\u00e4ten ausgestattet ist.<\/p>\n<div class=\"accommodation-wrapper vh_animate_when_almost_visible span9 body-bg\">\n\n\t\t\t<div class=\"modern_accommodations cs-style-3\">\n\t<div class=\"modern_accommodation  span4_5\" >\n\t<figure class=\"no_left_margin  span4_5\">\n\t\t\t\t<div class=\"room_price\">\u20ac350 <span>pro woche<\/span>*<\/div>\n\t\t\t\t\t\t\t<img src=\"https:\/\/www.agriturismomedicina.it\/wp-content\/uploads\/2013\/06\/GAL_0168-copia-420x284.jpg\" class=\"image-with-border open_entry_image no_left_margin  span4_5\">\n\t\t\t\t<figcaption>\n\t\t\t<h2 class=\"entry-title\"><a href=\"https:\/\/www.agriturismomedicina.it\/de\/?post_type=vh_accommodation&p=2683\">Wohnungen Rosa<\/a><\/h2>\n\t\t\t<span><ul class=\"acc-icons clearfix\">\r\n\t<li><i class=\"acc-icon-hot_tube\"><\/i><span class=\"body-bg\">Hot tube<\/span><\/li>\r\n\t<li><i class=\"acc-icon-beacb\"><\/i><span class=\"body-bg\">Beach<\/span><\/li>\r\n\t<li><i class=\"acc-icon-pacifier\"><\/i><span class=\"body-bg\">Kids<\/span><\/li>\r\n\t<li><i class=\"acc-icon-restaurant\"><\/i><span class=\"body-bg\">Dinner included<\/span><\/li>\r\n\t<li><i class=\"acc-icon-safe\"><\/i><span class=\"body-bg\">Safe deposit<\/span><\/li>\r\n\t<li><i class=\"acc-icon-gym\"><\/i><span class=\"body-bg\">Gym<\/span><\/li>\r\n\t<li><i class=\"acc-icon-phone\"><\/i><span class=\"body-bg\">Direct-dial phone<\/span><\/li>\r\n\t<li><i class=\"acc-icon-hair_dryer\"><\/i><span class=\"body-bg\">Hairdryer<\/span><\/li>\r\n\t<li><i class=\"acc-icon-cat\"><\/i><span class=\"body-bg\">Pets allowed<\/span><\/li>\r\n\t<li><i class=\"acc-icon-giftshop\"><\/i><span class=\"body-bg\">Giftshop<\/span><\/li>\r\n\t<li><i class=\"acc-icon-doctor\"><\/i><span class=\"body-bg\">Doctor<\/span><\/li>\r\n\t<li><i class=\"acc-icon-wifi\"><\/i><span class=\"body-bg\">WiFi<\/span><\/li>\r\n<\/ul>\r\n<section class=\"hidden-tablet\">Im Erdgeschoss mit ger\u00e4umigem Esszimmer+K\u00fcche und Privatbadezimmer, Schlafzimmer mit Ehebett, ist es m\u00f6glich, ein drittes Bett aufzustellen.\r\n\r\n*Nebensaison<\/section><\/span>\n\t\t\t\t\t\t<a href=\"https:\/\/www.agriturismomedicina.it\/de\/?post_type=vh_accommodation&p=2683\" class=\"btn hidden-tablet\">Mehr<\/a>\n\t\t<\/figcaption>\n\t<\/figure>\n<\/div>\n\t<div class=\"modern_accommodation  span4_5\" >\n\t<figure class=\"no_left_margin  span4_5\">\n\t\t\t\t<div class=\"room_price\">\u20ac350 <span>pro woche<\/span>*<\/div>\n\t\t\t\t\t\t\t<img src=\"https:\/\/www.agriturismomedicina.it\/wp-content\/uploads\/2013\/06\/celeste4-420x284.jpg\" class=\"image-with-border open_entry_image no_left_margin  span4_5\">\n\t\t\t\t<figcaption>\n\t\t\t<h2 class=\"entry-title\"><a href=\"https:\/\/www.agriturismomedicina.it\/de\/?post_type=vh_accommodation&p=2681\">Wohnungen Celeste<\/a><\/h2>\n\t\t\t<span><ul class=\"acc-icons clearfix\">\r\n\t<li><i class=\"acc-icon-beacb\"><\/i><span class=\"body-bg\">Beach<\/span><\/li>\r\n\t<li><i class=\"acc-icon-pacifier\"><\/i><span class=\"body-bg\">Kids<\/span><\/li>\r\n\t<li><i class=\"acc-icon-restaurant\"><\/i><span class=\"body-bg\">Dinner included<\/span><\/li>\r\n\t<li><i class=\"acc-icon-safe\"><\/i><span class=\"body-bg\">Safe deposit<\/span><\/li>\r\n\t<li><i class=\"acc-icon-gym\"><\/i><span class=\"body-bg\">Gym<\/span><\/li>\r\n\t<li><i class=\"acc-icon-phone\"><\/i><span class=\"body-bg\">Direct-dial phone<\/span><\/li>\r\n\t<li><i class=\"acc-icon-hair_dryer\"><\/i><span class=\"body-bg\">Hairdryer<\/span><\/li>\r\n\t<li><i class=\"acc-icon-cat\"><\/i><span class=\"body-bg\">Pets allowed<\/span><\/li>\r\n\t<li><i class=\"acc-icon-doctor\"><\/i><span class=\"body-bg\">Doctor<\/span><\/li>\r\n\t<li><i class=\"acc-icon-wifi\"><\/i><span class=\"body-bg\">WiFi<\/span><\/li>\r\n<\/ul>\r\n<section class=\"hidden-tablet\">Erdgescho\u00df mit ger\u00e4umigem Esszimmer+K\u00fcche und auch zwei internen Privatbadezimmern. The cooking area has a fireplace and a folding bed.\r\n\r\n*Nebensaison<\/section><\/span>\n\t\t\t\t\t\t<a href=\"https:\/\/www.agriturismomedicina.it\/de\/?post_type=vh_accommodation&p=2681\" class=\"btn hidden-tablet\">Mehr<\/a>\n\t\t<\/figcaption>\n\t<\/figure>\n<\/div>\n\t<div class=\"modern_accommodation  span4_5\" >\n\t<figure class=\"no_left_margin  span4_5\">\n\t\t\t\t<div class=\"room_price\">\u20ac950 <span>pro Woche<\/span>*<\/div>\n\t\t\t\t\t\t\t<img src=\"https:\/\/www.agriturismomedicina.it\/wp-content\/uploads\/2013\/06\/GAL_0134-420x284.jpg\" class=\"image-with-border open_entry_image no_left_margin  span4_5\">\n\t\t\t\t<figcaption>\n\t\t\t<h2 class=\"entry-title\"><a href=\"https:\/\/www.agriturismomedicina.it\/de\/?post_type=vh_accommodation&p=2679\">Wohnungen Verde<\/a><\/h2>\n\t\t\t<span><ul class=\"acc-icons clearfix\">\r\n\t<li><i class=\"acc-icon-pacifier\"><\/i><span class=\"body-bg\">Kids<\/span><\/li>\r\n\t<li><i class=\"acc-icon-restaurant\"><\/i><span class=\"body-bg\">Dinner included<\/span><\/li>\r\n\t<li><i class=\"acc-icon-safe\"><\/i><span class=\"body-bg\">Safe deposit<\/span><\/li>\r\n\t<li><i class=\"acc-icon-gym\"><\/i><span class=\"body-bg\">Gym<\/span><\/li>\r\n\t<li><i class=\"acc-icon-hair_dryer\"><\/i><span class=\"body-bg\">Hairdryer<\/span><\/li>\r\n\t<li><i class=\"acc-icon-cat\"><\/i><span class=\"body-bg\">Pets allowed<\/span><\/li>\r\n\t<li><i class=\"acc-icon-wifi\"><\/i><span class=\"body-bg\">WiFi<\/span><\/li>\r\n<\/ul>\r\n<section class=\"hidden-tablet\">Im ersten Stock, in den man \u00fcber eine externe Treppe gelangt, mit kleinem Privatbalkon. Ger\u00e4umiges Wohnzimmer, K\u00fcche, Abstellraum, Bad und Schlafzimmer mit Ehebett.\r\n\r\n*Nebensaison<\/section><\/span>\n\t\t\t\t\t\t<a href=\"https:\/\/www.agriturismomedicina.it\/de\/?post_type=vh_accommodation&p=2679\" class=\"btn hidden-tablet\">Mehr<\/a>\n\t\t<\/figcaption>\n\t<\/figure>\n<\/div>\n\t\t\t\t<\/div><!-- end of modern_accommodations -->\n\t\t<div class=\"clearfix\"><\/div>\n<\/div><div class=\"clearfix\"><\/div>\n","protected":false},"excerpt":{"rendered":"<p>Zu den verschiedenen Wohnungen geh\u00f6rt ein Raum, der als Waschraum mit den zugeh\u00f6rigen Haushaltger\u00e4ten ausgestattet ist. \u00a0<\/p>\n","protected":false},"author":1,"featured_media":2290,"parent":2640,"menu_order":0,"comment_status":"open","ping_status":"open","template":"template-with-slitslider.php","meta":{"_expiration-date-status":"","_expiration-date":0,"_expiration-date-type":"","_expiration-date-categories":[],"_expiration-date-options":[]},"yoast_head":"<!-- This site is optimized with the Yoast SEO plugin v19.7.1 - https:\/\/yoast.com\/wordpress\/plugins\/seo\/ -->\n<title>Wohnungen Pescia - Agriturismo di Medicina<\/title>\n<meta name=\"robots\" content=\"index, follow, max-snippet:-1, max-image-preview:large, max-video-preview:-1\" \/>\n<link rel=\"canonical\" href=\"https:\/\/www.agriturismomedicina.it\/de\/bauernhof\/wohnungen-pescia\/\" \/>\n<meta property=\"og:locale\" content=\"de_DE\" \/>\n<meta property=\"og:type\" content=\"article\" \/>\n<meta property=\"og:title\" content=\"Wohnungen Pescia - Agriturismo di Medicina\" \/>\n<meta property=\"og:description\" content=\"Zu den verschiedenen Wohnungen geh\u00f6rt ein Raum, der als Waschraum mit den zugeh\u00f6rigen Haushaltger\u00e4ten ausgestattet ist. \u00a0\" \/>\n<meta property=\"og:url\" content=\"https:\/\/www.agriturismomedicina.it\/de\/bauernhof\/wohnungen-pescia\/\" \/>\n<meta property=\"og:site_name\" content=\"Agriturismo di Medicina\" \/>\n<meta property=\"article:modified_time\" content=\"2015-06-25T07:50:25+00:00\" \/>\n<meta property=\"og:image\" content=\"https:\/\/www.agriturismomedicina.it\/wp-content\/uploads\/2013\/06\/room-verde.jpg\" \/>\n\t<meta property=\"og:image:width\" content=\"1000\" \/>\n\t<meta property=\"og:image:height\" content=\"650\" \/>\n\t<meta property=\"og:image:type\" content=\"image\/jpeg\" \/>\n<meta name=\"twitter:card\" content=\"summary\" \/>\n<meta name=\"twitter:label1\" content=\"Gesch\u00e4tzte Lesezeit\" \/>\n\t<meta name=\"twitter:data1\" content=\"1\u00a0Minute\" \/>\n<script type=\"application\/ld+json\" class=\"yoast-schema-graph\">{\"@context\":\"https:\/\/schema.org\",\"@graph\":[{\"@type\":\"WebPage\",\"@id\":\"https:\/\/www.agriturismomedicina.it\/de\/bauernhof\/wohnungen-pescia\/\",\"url\":\"https:\/\/www.agriturismomedicina.it\/de\/bauernhof\/wohnungen-pescia\/\",\"name\":\"Wohnungen Pescia - Agriturismo di Medicina\",\"isPartOf\":{\"@id\":\"https:\/\/www.agriturismomedicina.it\/#website\"},\"datePublished\":\"2015-06-14T21:59:54+00:00\",\"dateModified\":\"2015-06-25T07:50:25+00:00\",\"breadcrumb\":{\"@id\":\"https:\/\/www.agriturismomedicina.it\/de\/bauernhof\/wohnungen-pescia\/#breadcrumb\"},\"inLanguage\":\"de\",\"potentialAction\":[{\"@type\":\"ReadAction\",\"target\":[\"https:\/\/www.agriturismomedicina.it\/de\/bauernhof\/wohnungen-pescia\/\"]}]},{\"@type\":\"BreadcrumbList\",\"@id\":\"https:\/\/www.agriturismomedicina.it\/de\/bauernhof\/wohnungen-pescia\/#breadcrumb\",\"itemListElement\":[{\"@type\":\"ListItem\",\"position\":1,\"name\":\"Home\",\"item\":\"https:\/\/www.agriturismomedicina.it\/de\/\"},{\"@type\":\"ListItem\",\"position\":2,\"name\":\"bauernhof\",\"item\":\"https:\/\/www.agriturismomedicina.it\/de\/bauernhof\/\"},{\"@type\":\"ListItem\",\"position\":3,\"name\":\"Wohnungen Pescia\"}]},{\"@type\":\"WebSite\",\"@id\":\"https:\/\/www.agriturismomedicina.it\/#website\",\"url\":\"https:\/\/www.agriturismomedicina.it\/\",\"name\":\"Agriturismo di Medicina\",\"description\":\"Agriturismo a Pescia\",\"potentialAction\":[{\"@type\":\"SearchAction\",\"target\":{\"@type\":\"EntryPoint\",\"urlTemplate\":\"https:\/\/www.agriturismomedicina.it\/?s={search_term_string}\"},\"query-input\":\"required name=search_term_string\"}],\"inLanguage\":\"de\"}]}<\/script>\n<!-- \/ Yoast SEO plugin. -->","yoast_head_json":{"title":"Wohnungen Pescia - Agriturismo di Medicina","robots":{"index":"index","follow":"follow","max-snippet":"max-snippet:-1","max-image-preview":"max-image-preview:large","max-video-preview":"max-video-preview:-1"},"canonical":"https:\/\/www.agriturismomedicina.it\/de\/bauernhof\/wohnungen-pescia\/","og_locale":"de_DE","og_type":"article","og_title":"Wohnungen Pescia - Agriturismo di Medicina","og_description":"Zu den verschiedenen Wohnungen geh\u00f6rt ein Raum, der als Waschraum mit den zugeh\u00f6rigen Haushaltger\u00e4ten ausgestattet ist. \u00a0","og_url":"https:\/\/www.agriturismomedicina.it\/de\/bauernhof\/wohnungen-pescia\/","og_site_name":"Agriturismo di Medicina","article_modified_time":"2015-06-25T07:50:25+00:00","og_image":[{"width":1000,"height":650,"url":"https:\/\/www.agriturismomedicina.it\/wp-content\/uploads\/2013\/06\/room-verde.jpg","type":"image\/jpeg"}],"twitter_card":"summary","twitter_misc":{"Gesch\u00e4tzte Lesezeit":"1\u00a0Minute"},"schema":{"@context":"https:\/\/schema.org","@graph":[{"@type":"WebPage","@id":"https:\/\/www.agriturismomedicina.it\/de\/bauernhof\/wohnungen-pescia\/","url":"https:\/\/www.agriturismomedicina.it\/de\/bauernhof\/wohnungen-pescia\/","name":"Wohnungen Pescia - Agriturismo di Medicina","isPartOf":{"@id":"https:\/\/www.agriturismomedicina.it\/#website"},"datePublished":"2015-06-14T21:59:54+00:00","dateModified":"2015-06-25T07:50:25+00:00","breadcrumb":{"@id":"https:\/\/www.agriturismomedicina.it\/de\/bauernhof\/wohnungen-pescia\/#breadcrumb"},"inLanguage":"de","potentialAction":[{"@type":"ReadAction","target":["https:\/\/www.agriturismomedicina.it\/de\/bauernhof\/wohnungen-pescia\/"]}]},{"@type":"BreadcrumbList","@id":"https:\/\/www.agriturismomedicina.it\/de\/bauernhof\/wohnungen-pescia\/#breadcrumb","itemListElement":[{"@type":"ListItem","position":1,"name":"Home","item":"https:\/\/www.agriturismomedicina.it\/de\/"},{"@type":"ListItem","position":2,"name":"bauernhof","item":"https:\/\/www.agriturismomedicina.it\/de\/bauernhof\/"},{"@type":"ListItem","position":3,"name":"Wohnungen Pescia"}]},{"@type":"WebSite","@id":"https:\/\/www.agriturismomedicina.it\/#website","url":"https:\/\/www.agriturismomedicina.it\/","name":"Agriturismo di Medicina","description":"Agriturismo a Pescia","potentialAction":[{"@type":"SearchAction","target":{"@type":"EntryPoint","urlTemplate":"https:\/\/www.agriturismomedicina.it\/?s={search_term_string}"},"query-input":"required name=search_term_string"}],"inLanguage":"de"}]}},"_links":{"self":[{"href":"https:\/\/www.agriturismomedicina.it\/de\/wp-json\/wp\/v2\/pages\/2535"}],"collection":[{"href":"https:\/\/www.agriturismomedicina.it\/de\/wp-json\/wp\/v2\/pages"}],"about":[{"href":"https:\/\/www.agriturismomedicina.it\/de\/wp-json\/wp\/v2\/types\/page"}],"author":[{"embeddable":true,"href":"https:\/\/www.agriturismomedicina.it\/de\/wp-json\/wp\/v2\/users\/1"}],"replies":[{"embeddable":true,"href":"https:\/\/www.agriturismomedicina.it\/de\/wp-json\/wp\/v2\/comments?post=2535"}],"version-history":[{"count":0,"href":"https:\/\/www.agriturismomedicina.it\/de\/wp-json\/wp\/v2\/pages\/2535\/revisions"}],"up":[{"embeddable":true,"href":"https:\/\/www.agriturismomedicina.it\/de\/wp-json\/wp\/v2\/pages\/2640"}],"wp:featuredmedia":[{"embeddable":true,"href":"https:\/\/www.agriturismomedicina.it\/de\/wp-json\/wp\/v2\/media\/2290"}],"wp:attachment":[{"href":"https:\/\/www.agriturismomedicina.it\/de\/wp-json\/wp\/v2\/media?parent=2535"}],"curies":[{"name":"wp","href":"https:\/\/api.w.org\/{rel}","templated":true}]}}