{"id":2531,"date":"2015-06-14T21:51:31","date_gmt":"2015-06-14T21:51:31","guid":{"rendered":"http:\/\/www.agriturismomedicina.it\/?page_id=2531"},"modified":"2015-06-14T21:51:31","modified_gmt":"2015-06-14T21:51:31","slug":"bauernhof-pescia","status":"publish","type":"page","link":"https:\/\/www.agriturismomedicina.it\/de\/bauernhof-pescia\/","title":{"rendered":"Bauernhof Pescia"},"content":{"rendered":"<div class=\"three_fourths\"><h2>Bauernhof Pescia<\/h2><\/p>\n<p style=\"text-align: justify;\">Aus dem Bauernhaus des Betriebes wurden vier Unterk\u00fcnfte f\u00fcr einen Aufenthalt auf dem Bauernhof geschaffen. Diese Wohnungen k\u00f6nnen einzeln oder auch doppelt vermietet werden, da sie miteinander kommunizieren.<br \/>\nDie vier Wohnungen mit separatem Eingang unterscheiden sich durch die Farbbezeichnungen, die ausschlaggebend f\u00fcr ihre Einrichtung sind, die schlicht, rustikal, aber sehr gem\u00fctlich ist.<\/div>\n<div class=\"one_fourth column-last\"><div id=\"attachment_2361\" style=\"width: 910px\" class=\"wp-caption alignnone\"><a href=\"http:\/\/www.agriturismomedicina.it\/wp-content\/uploads\/2015\/06\/casa21.jpg\" rel=\"attachment wp-att-2361\"><img aria-describedby=\"caption-attachment-2361\" loading=\"lazy\" class=\"wp-image-2361 size-large\" src=\"http:\/\/www.agriturismomedicina.it\/wp-content\/uploads\/2015\/06\/casa21-1024x1024.jpg\" alt=\"Bauernhof Pescia\" width=\"900\" height=\"900\" srcset=\"https:\/\/www.agriturismomedicina.it\/wp-content\/uploads\/2015\/06\/casa21-1024x1024.jpg 1024w, https:\/\/www.agriturismomedicina.it\/wp-content\/uploads\/2015\/06\/casa21-150x150.jpg 150w, https:\/\/www.agriturismomedicina.it\/wp-content\/uploads\/2015\/06\/casa21-300x300.jpg 300w, https:\/\/www.agriturismomedicina.it\/wp-content\/uploads\/2015\/06\/casa21-270x270.jpg 270w, https:\/\/www.agriturismomedicina.it\/wp-content\/uploads\/2015\/06\/casa21-125x125.jpg 125w, https:\/\/www.agriturismomedicina.it\/wp-content\/uploads\/2015\/06\/casa21-70x70.jpg 70w, https:\/\/www.agriturismomedicina.it\/wp-content\/uploads\/2015\/06\/casa21.jpg 1200w\" sizes=\"(max-width: 900px) 100vw, 900px\" \/><\/a><p id=\"caption-attachment-2361\" class=\"wp-caption-text\">Bauernhof Pescia<\/p><\/div><\/div>\n\t\t\t<div class=\"clearer\"><\/div> <div class=\"one_fourth\"><div id=\"attachment_2362\" style=\"width: 910px\" class=\"wp-caption alignnone\"><a href=\"http:\/\/www.agriturismomedicina.it\/wp-content\/uploads\/2015\/06\/giardino.jpg\" rel=\"attachment wp-att-2362\"><img aria-describedby=\"caption-attachment-2362\" loading=\"lazy\" class=\"wp-image-2362 size-large\" src=\"http:\/\/www.agriturismomedicina.it\/wp-content\/uploads\/2015\/06\/giardino-1024x1024.jpg\" alt=\"Bauernhof Valdinievole\" width=\"900\" height=\"900\" srcset=\"https:\/\/www.agriturismomedicina.it\/wp-content\/uploads\/2015\/06\/giardino-1024x1024.jpg 1024w, https:\/\/www.agriturismomedicina.it\/wp-content\/uploads\/2015\/06\/giardino-150x150.jpg 150w, https:\/\/www.agriturismomedicina.it\/wp-content\/uploads\/2015\/06\/giardino-300x300.jpg 300w, https:\/\/www.agriturismomedicina.it\/wp-content\/uploads\/2015\/06\/giardino-270x270.jpg 270w, https:\/\/www.agriturismomedicina.it\/wp-content\/uploads\/2015\/06\/giardino-125x125.jpg 125w, https:\/\/www.agriturismomedicina.it\/wp-content\/uploads\/2015\/06\/giardino-70x70.jpg 70w, https:\/\/www.agriturismomedicina.it\/wp-content\/uploads\/2015\/06\/giardino.jpg 1200w\" sizes=\"(max-width: 900px) 100vw, 900px\" \/><\/a><p id=\"caption-attachment-2362\" class=\"wp-caption-text\">Bauernhof Valdinievole<\/p><\/div><\/div> <div class=\"three_fourths column-last\"><h2>Bauernhof Valdinievole<\/h2><\/p>\n<p style=\"text-align: justify;\">EJede Wohnung ist separat und f\u00fcr zwei Personen konzipiert; weitere Betten k\u00f6nnen aufgestellt werden; bis zu 5 f\u00fcr die erste Wohnung, und bis zu 9 f\u00fcr zwei kommunizierende Wohnungen; sie umfassen Schlafzimmer, Badezimmer und Wohnzimmer. Im Wohnzimmer ist eine Kochnische mit Gasherd, Mikrowelle, K\u00fchlschrank, Tiefk\u00fchlschrank und TV.<\/div>\n\t\t\t<div class=\"clearer\"><\/div>\n<p><div class=\"divider type_1\"><\/div> \n<div class=\"clearfix\"><\/div><\/p>\n","protected":false},"excerpt":{"rendered":"","protected":false},"author":1,"featured_media":0,"parent":0,"menu_order":0,"comment_status":"open","ping_status":"open","template":"template-with-slitslider.php","meta":{"_expiration-date-status":"","_expiration-date":0,"_expiration-date-type":"","_expiration-date-categories":[],"_expiration-date-options":[]},"yoast_head":"<!-- This site is optimized with the Yoast SEO plugin v19.7.1 - https:\/\/yoast.com\/wordpress\/plugins\/seo\/ -->\n<title>Bauernhof Pescia - Agriturismo di Medicina<\/title>\n<meta name=\"robots\" content=\"index, follow, max-snippet:-1, max-image-preview:large, max-video-preview:-1\" \/>\n<link rel=\"canonical\" href=\"https:\/\/www.agriturismomedicina.it\/de\/bauernhof-pescia\/\" \/>\n<meta property=\"og:locale\" content=\"de_DE\" \/>\n<meta property=\"og:type\" content=\"article\" \/>\n<meta property=\"og:title\" content=\"Bauernhof Pescia - Agriturismo di Medicina\" \/>\n<meta property=\"og:url\" content=\"https:\/\/www.agriturismomedicina.it\/de\/bauernhof-pescia\/\" \/>\n<meta property=\"og:site_name\" content=\"Agriturismo di Medicina\" \/>\n<meta property=\"og:image\" content=\"http:\/\/www.agriturismomedicina.it\/wp-content\/uploads\/2015\/06\/casa21-1024x1024.jpg\" \/>\n<meta name=\"twitter:card\" content=\"summary\" \/>\n<meta name=\"twitter:label1\" content=\"Gesch\u00e4tzte Lesezeit\" \/>\n\t<meta name=\"twitter:data1\" content=\"1\u00a0Minute\" \/>\n<script type=\"application\/ld+json\" class=\"yoast-schema-graph\">{\"@context\":\"https:\/\/schema.org\",\"@graph\":[{\"@type\":\"WebPage\",\"@id\":\"https:\/\/www.agriturismomedicina.it\/de\/bauernhof-pescia\/\",\"url\":\"https:\/\/www.agriturismomedicina.it\/de\/bauernhof-pescia\/\",\"name\":\"Bauernhof Pescia - Agriturismo di Medicina\",\"isPartOf\":{\"@id\":\"https:\/\/www.agriturismomedicina.it\/#website\"},\"datePublished\":\"2015-06-14T21:51:31+00:00\",\"dateModified\":\"2015-06-14T21:51:31+00:00\",\"breadcrumb\":{\"@id\":\"https:\/\/www.agriturismomedicina.it\/de\/bauernhof-pescia\/#breadcrumb\"},\"inLanguage\":\"de\",\"potentialAction\":[{\"@type\":\"ReadAction\",\"target\":[\"https:\/\/www.agriturismomedicina.it\/de\/bauernhof-pescia\/\"]}]},{\"@type\":\"BreadcrumbList\",\"@id\":\"https:\/\/www.agriturismomedicina.it\/de\/bauernhof-pescia\/#breadcrumb\",\"itemListElement\":[{\"@type\":\"ListItem\",\"position\":1,\"name\":\"Home\",\"item\":\"https:\/\/www.agriturismomedicina.it\/de\/\"},{\"@type\":\"ListItem\",\"position\":2,\"name\":\"Bauernhof Pescia\"}]},{\"@type\":\"WebSite\",\"@id\":\"https:\/\/www.agriturismomedicina.it\/#website\",\"url\":\"https:\/\/www.agriturismomedicina.it\/\",\"name\":\"Agriturismo di Medicina\",\"description\":\"Agriturismo a Pescia\",\"potentialAction\":[{\"@type\":\"SearchAction\",\"target\":{\"@type\":\"EntryPoint\",\"urlTemplate\":\"https:\/\/www.agriturismomedicina.it\/?s={search_term_string}\"},\"query-input\":\"required name=search_term_string\"}],\"inLanguage\":\"de\"}]}<\/script>\n<!-- \/ Yoast SEO plugin. -->","yoast_head_json":{"title":"Bauernhof Pescia - Agriturismo di Medicina","robots":{"index":"index","follow":"follow","max-snippet":"max-snippet:-1","max-image-preview":"max-image-preview:large","max-video-preview":"max-video-preview:-1"},"canonical":"https:\/\/www.agriturismomedicina.it\/de\/bauernhof-pescia\/","og_locale":"de_DE","og_type":"article","og_title":"Bauernhof Pescia - Agriturismo di Medicina","og_url":"https:\/\/www.agriturismomedicina.it\/de\/bauernhof-pescia\/","og_site_name":"Agriturismo di Medicina","og_image":[{"url":"http:\/\/www.agriturismomedicina.it\/wp-content\/uploads\/2015\/06\/casa21-1024x1024.jpg"}],"twitter_card":"summary","twitter_misc":{"Gesch\u00e4tzte Lesezeit":"1\u00a0Minute"},"schema":{"@context":"https:\/\/schema.org","@graph":[{"@type":"WebPage","@id":"https:\/\/www.agriturismomedicina.it\/de\/bauernhof-pescia\/","url":"https:\/\/www.agriturismomedicina.it\/de\/bauernhof-pescia\/","name":"Bauernhof Pescia - Agriturismo di Medicina","isPartOf":{"@id":"https:\/\/www.agriturismomedicina.it\/#website"},"datePublished":"2015-06-14T21:51:31+00:00","dateModified":"2015-06-14T21:51:31+00:00","breadcrumb":{"@id":"https:\/\/www.agriturismomedicina.it\/de\/bauernhof-pescia\/#breadcrumb"},"inLanguage":"de","potentialAction":[{"@type":"ReadAction","target":["https:\/\/www.agriturismomedicina.it\/de\/bauernhof-pescia\/"]}]},{"@type":"BreadcrumbList","@id":"https:\/\/www.agriturismomedicina.it\/de\/bauernhof-pescia\/#breadcrumb","itemListElement":[{"@type":"ListItem","position":1,"name":"Home","item":"https:\/\/www.agriturismomedicina.it\/de\/"},{"@type":"ListItem","position":2,"name":"Bauernhof Pescia"}]},{"@type":"WebSite","@id":"https:\/\/www.agriturismomedicina.it\/#website","url":"https:\/\/www.agriturismomedicina.it\/","name":"Agriturismo di Medicina","description":"Agriturismo a Pescia","potentialAction":[{"@type":"SearchAction","target":{"@type":"EntryPoint","urlTemplate":"https:\/\/www.agriturismomedicina.it\/?s={search_term_string}"},"query-input":"required name=search_term_string"}],"inLanguage":"de"}]}},"_links":{"self":[{"href":"https:\/\/www.agriturismomedicina.it\/de\/wp-json\/wp\/v2\/pages\/2531"}],"collection":[{"href":"https:\/\/www.agriturismomedicina.it\/de\/wp-json\/wp\/v2\/pages"}],"about":[{"href":"https:\/\/www.agriturismomedicina.it\/de\/wp-json\/wp\/v2\/types\/page"}],"author":[{"embeddable":true,"href":"https:\/\/www.agriturismomedicina.it\/de\/wp-json\/wp\/v2\/users\/1"}],"replies":[{"embeddable":true,"href":"https:\/\/www.agriturismomedicina.it\/de\/wp-json\/wp\/v2\/comments?post=2531"}],"version-history":[{"count":0,"href":"https:\/\/www.agriturismomedicina.it\/de\/wp-json\/wp\/v2\/pages\/2531\/revisions"}],"wp:attachment":[{"href":"https:\/\/www.agriturismomedicina.it\/de\/wp-json\/wp\/v2\/media?parent=2531"}],"curies":[{"name":"wp","href":"https:\/\/api.w.org\/{rel}","templated":true}]}}